{"id":354723,"date":"2020-08-11T09:01:50","date_gmt":"2020-08-11T06:01:50","guid":{"rendered":"https:\/\/venman.gr\/home\/footer\/"},"modified":"2026-02-09T13:04:23","modified_gmt":"2026-02-09T11:04:23","slug":"footer","status":"publish","type":"page","link":"https:\/\/venman.gr\/fr\/home\/footer\/","title":{"rendered":"FooterFR"},"content":{"rendered":"<section id=\"bt_bb_section69f3c5bee058c\" class=\"bt_bb_section bt_bb_color_scheme_11 bt_bb_layout_boxed_1000 bt_bb_vertical_align_top bt_bb_top_spacing_large\" style=\"; --section-primary-color:#181818; --section-secondary-color:#f7f7f5;\" data-bt-override-class=\"null\"><div class=\"bt_bb_port\"><div class=\"bt_bb_cell\"><div class=\"bt_bb_cell_inner\"><div class=\"bt_bb_row  bt_bb_hidden_xs bt_bb_hidden_ms bt_bb_hidden_sm\"  data-bt-override-class=\"{}\"><div class=\"bt_bb_row_holder\" ><\/div><\/div><div class=\"bt_bb_row  bt_bb_hidden_xs bt_bb_hidden_ms bt_bb_hidden_sm\"  data-bt-override-class=\"{}\"><div class=\"bt_bb_row_holder\" ><\/div><\/div><div class=\"bt_bb_row  bt_bb_hidden_md bt_bb_hidden_lg\"  data-bt-override-class=\"{}\"><div class=\"bt_bb_row_holder\" ><\/div><\/div><\/div><!-- cell_inner --><\/div><!-- cell --><\/div><!-- port --><\/section><section id=\"bt_bb_section69f3c5bee09ae\" class=\"bt_bb_section bt_bb_color_scheme_11 bt_bb_layout_boxed_1200 bt_bb_vertical_align_top\" style=\"; --section-primary-color:#181818; --section-secondary-color:#f7f7f5;\" data-bt-override-class=\"null\"><div class=\"bt_bb_port\"><div class=\"bt_bb_cell\"><div class=\"bt_bb_cell_inner\"><div class=\"bt_bb_row \"  data-bt-override-class=\"{}\"><div class=\"bt_bb_row_holder\" ><div  class=\"bt_bb_column col-xxl-3 col-xl-3 bt_bb_vertical_align_top bt_bb_align_left bt_bb_padding_normal bt_bb_animation_fade_in animate\" style=\"; --column-width:3;\" data-width=\"3\" data-bt-override-class=\"{}\"><div class=\"bt_bb_column_content\"><div class=\"bt_bb_column_content_inner\"><div data-bb-version=\"4.8.8\" class=\"bt_bb_image footer-logo-img bt_bb_shape_square bt_bb_target_self bt_bb_align_inherit bt_bb_hover_style_simple bt_bb_content_display_always bt_bb_content_align_middle\" data-bt-override-class=\"{&quot;bt_bb_align_&quot;:{&quot;current_class&quot;:&quot;bt_bb_align_inherit&quot;,&quot;def&quot;:&quot;inherit&quot;},&quot;bt_bb_content_display_&quot;:{&quot;current_class&quot;:&quot;bt_bb_content_display_always&quot;,&quot;def&quot;:&quot;always&quot;}}\"><span><img loading=\"lazy\" decoding=\"async\" width=\"1\" height=\"1\" src=\"https:\/\/venman.gr\/wp-content\/uploads\/2024\/03\/Venman-logo-positive.svg\" class=\"attachment-thumbnail size-thumbnail\" alt=\"https:\/\/venman.gr\/wp-content\/uploads\/2024\/03\/Venman-logo-positive.svg\" data-full_image_src=\"https:\/\/venman.gr\/wp-content\/uploads\/2024\/03\/Venman-logo-positive.svg\" title=\"Venman-logo-positive\" \/><\/span><\/div><div class=\"bt_bb_separator bt_bb_border_style_none bt_bb_border_color_none bt_bb_top_spacing_ bt_bb_bottom_spacing_5\" data-bt-override-class=\"{&quot;bt_bb_top_spacing_&quot;:{&quot;current_class&quot;:&quot;bt_bb_top_spacing_&quot;,&quot;def&quot;:&quot;&quot;,&quot;xl&quot;:&quot;&quot;},&quot;bt_bb_bottom_spacing_&quot;:{&quot;current_class&quot;:&quot;bt_bb_bottom_spacing_5&quot;,&quot;def&quot;:&quot;5&quot;,&quot;xl&quot;:&quot;5&quot;}}\"><\/div><div class=\"bt_bb_icon bt_bb_style_borderless bt_bb_size_xsmall bt_bb_shape_circle bt_bb_target_self bt_bb_align_inherit\" data-bt-override-class=\"{&quot;bt_bb_size_&quot;:{&quot;current_class&quot;:&quot;bt_bb_size_xsmall&quot;,&quot;def&quot;:&quot;xsmall&quot;,&quot;xl&quot;:&quot;xsmall&quot;},&quot;bt_bb_align_&quot;:{&quot;current_class&quot;:&quot;bt_bb_align_inherit&quot;,&quot;def&quot;:&quot;inherit&quot;,&quot;xl&quot;:&quot;inherit&quot;}}\"><a href=\"tel:00302310788700\"  target=\"_self\"  title=\"+30 2310 788 700\"  data-ico-fontawesome=\"&#xf025;\" class=\"bt_bb_icon_holder\"><span>+30 2310 788 700<\/span><\/a><\/div><div class=\"bt_bb_separator bt_bb_border_style_none bt_bb_border_color_none bt_bb_bottom_spacing_small\" data-bt-override-class=\"null\"><\/div><div class=\"bt_bb_icon bt_bb_style_borderless bt_bb_size_xsmall bt_bb_shape_circle bt_bb_target_self bt_bb_align_inherit\" data-bt-override-class=\"{&quot;bt_bb_size_&quot;:{&quot;current_class&quot;:&quot;bt_bb_size_xsmall&quot;,&quot;def&quot;:&quot;xsmall&quot;,&quot;xl&quot;:&quot;xsmall&quot;},&quot;bt_bb_align_&quot;:{&quot;current_class&quot;:&quot;bt_bb_align_inherit&quot;,&quot;def&quot;:&quot;inherit&quot;,&quot;xl&quot;:&quot;inherit&quot;}}\"><a href=\"mailto: info@venman.gr\"  target=\"_self\"  title=\"info@venman.gr\"  data-ico-fontawesome=\"&#xf0e0;\" class=\"bt_bb_icon_holder\"><span>info@venman.gr<\/span><\/a><\/div><div class=\"bt_bb_separator bt_bb_border_style_none bt_bb_border_color_none bt_bb_bottom_spacing_small\" data-bt-override-class=\"null\"><\/div><div data-bb-version=\"4.9.6\" class=\"bt_bb_icon bt_bb_style_borderless bt_bb_size_xsmall bt_bb_shape_circle bt_bb_target_self bt_bb_align_inherit\" data-bt-override-class=\"{&quot;bt_bb_size_&quot;:{&quot;current_class&quot;:&quot;bt_bb_size_xsmall&quot;,&quot;def&quot;:&quot;xsmall&quot;},&quot;bt_bb_align_&quot;:{&quot;current_class&quot;:&quot;bt_bb_align_inherit&quot;,&quot;def&quot;:&quot;inherit&quot;}}\"><a href=\"#\"  target=\"_self\"  title=\"11\u00e8me kilom\u00e8tre. Ancienne route nationale Thessalonique \u2013 Kilkis. Code postal 57022 \u2013 Bo\u00eete postale : 1170, Zone industrielle Thessalonique S\u00edndos, Thessalonique\"  data-ico-fontawesome=\"&#xf041;\" class=\"bt_bb_icon_holder\"><span>11\u00e8me kilom\u00e8tre. Ancienne route nationale Thessalonique \u2013 Kilkis. Code postal 57022 \u2013 Bo\u00eete postale : 1170, Zone industrielle Thessalonique S\u00edndos, Thessalonique<\/span><\/a><\/div><div  class=\"bt_bb_text\" ><p>\n<small>Registration no.<br \/>\n<\/small>VENMAN: 038341405000<\/p>\n<\/div><div class=\"bt_bb_separator bt_bb_border_style_none bt_bb_border_color_none bt_bb_bottom_spacing_medium\" data-bt-override-class=\"null\"><\/div><\/div><\/div><\/div><div  class=\"bt_bb_column col-xxl-3 col-xl-3 bt_bb_vertical_align_top bt_bb_align_left bt_bb_padding_normal bt_bb_animation_fade_in animate\" style=\"; --column-width:3;\" data-width=\"3\" data-bt-override-class=\"{}\"><div class=\"bt_bb_column_content\"><div class=\"bt_bb_column_content_inner\"><div class=\"bt_bb_separator bt_bb_border_style_none bt_bb_border_color_none bt_bb_top_spacing_ bt_bb_bottom_spacing_35\" data-bt-override-class=\"{&quot;bt_bb_top_spacing_&quot;:{&quot;current_class&quot;:&quot;bt_bb_top_spacing_&quot;,&quot;def&quot;:&quot;&quot;,&quot;xl&quot;:&quot;&quot;},&quot;bt_bb_bottom_spacing_&quot;:{&quot;current_class&quot;:&quot;bt_bb_bottom_spacing_35&quot;,&quot;def&quot;:&quot;35&quot;,&quot;xl&quot;:&quot;35&quot;}}\"><\/div><header class=\"bt_bb_headline bt_bb_dash_none bt_bb_size_small bt_bb_align_inherit\" data-bt-override-class=\"{&quot;bt_bb_size_&quot;:{&quot;current_class&quot;:&quot;bt_bb_size_small&quot;,&quot;def&quot;:&quot;small&quot;,&quot;xl&quot;:&quot;small&quot;},&quot;bt_bb_align_&quot;:{&quot;current_class&quot;:&quot;bt_bb_align_inherit&quot;,&quot;def&quot;:&quot;inherit&quot;,&quot;xl&quot;:&quot;inherit&quot;}}\"><h4 class=\"bt_bb_headline_tag\"><span class=\"bt_bb_headline_content\"><span>Produits<\/span><\/span><\/h4><\/header><div class=\"bt_bb_separator bt_bb_border_style_none bt_bb_border_color_none bt_bb_top_spacing_ bt_bb_bottom_spacing_15\" data-bt-override-class=\"{&quot;bt_bb_top_spacing_&quot;:{&quot;current_class&quot;:&quot;bt_bb_top_spacing_&quot;,&quot;def&quot;:&quot;&quot;,&quot;xl&quot;:&quot;&quot;},&quot;bt_bb_bottom_spacing_&quot;:{&quot;current_class&quot;:&quot;bt_bb_bottom_spacing_15&quot;,&quot;def&quot;:&quot;15&quot;,&quot;xl&quot;:&quot;15&quot;}}\"><\/div><div  class=\"bt_bb_text\" ><ul class=\"children\">\n<li class=\"page_item page-item-3399\"><a href=\"https:\/\/venman.gr\/fr\/iliakoi-thermikoi-syllektes\/\">Capteurs solaires thermiques<\/a><\/li>\n<li class=\"page_item page-item-3434\"><a href=\"https:\/\/venman.gr\/fr\/iliothermika-systhmata\/\">Syst\u00e8mes solaires thermiques<\/a><\/li>\n<li class=\"page_item page-item-3430\"><a href=\"https:\/\/venman.gr\/fr\/systhmata-stiriksis-iliothermikon-systhmaton\/\">Syst\u00e8mes de soutien pour les syst\u00e8mes solaires thermiques<\/a><\/li>\n<li class=\"page_item page-item-3454\"><a href=\"https:\/\/venman.gr\/fr\/eidi-asfaleias-kai-syndesis-thermikon-systimaton\/\">Syst\u00e8mes thermiques \u00c9quipements de s\u00e9curit\u00e9 et de raccordement<\/a><\/li>\n<li class=\"page_item page-item-3449\"><a href=\"https:\/\/venman.gr\/fr\/deksamenes-gia-efarmoges-psiksis-kai-thermansis\/\">R\u00e9servoirs pour applications de refroidissement et de chauffage<\/a><\/li>\n<\/ul>\n<\/div><div class=\"bt_bb_separator bt_bb_border_style_none bt_bb_border_color_none bt_bb_bottom_spacing_medium\" data-bt-override-class=\"null\"><\/div><\/div><\/div><\/div><div  class=\"bt_bb_column col-xxl-3 col-xl-3 bt_bb_vertical_align_top bt_bb_align_left bt_bb_padding_normal bt_bb_animation_fade_in animate\" style=\"; --column-width:3;\" data-width=\"3\" data-bt-override-class=\"{}\"><div class=\"bt_bb_column_content\"><div class=\"bt_bb_column_content_inner\"><div class=\"bt_bb_separator bt_bb_border_style_none bt_bb_border_color_none bt_bb_top_spacing_ bt_bb_bottom_spacing_35\" data-bt-override-class=\"{&quot;bt_bb_top_spacing_&quot;:{&quot;current_class&quot;:&quot;bt_bb_top_spacing_&quot;,&quot;def&quot;:&quot;&quot;,&quot;xl&quot;:&quot;&quot;},&quot;bt_bb_bottom_spacing_&quot;:{&quot;current_class&quot;:&quot;bt_bb_bottom_spacing_35&quot;,&quot;def&quot;:&quot;35&quot;,&quot;xl&quot;:&quot;35&quot;}}\"><\/div><header class=\"bt_bb_headline bt_bb_dash_none bt_bb_size_small bt_bb_align_inherit\" data-bt-override-class=\"{&quot;bt_bb_size_&quot;:{&quot;current_class&quot;:&quot;bt_bb_size_small&quot;,&quot;def&quot;:&quot;small&quot;,&quot;xl&quot;:&quot;small&quot;},&quot;bt_bb_align_&quot;:{&quot;current_class&quot;:&quot;bt_bb_align_inherit&quot;,&quot;def&quot;:&quot;inherit&quot;,&quot;xl&quot;:&quot;inherit&quot;}}\"><h4 class=\"bt_bb_headline_tag\"><span class=\"bt_bb_headline_content\"><span>Catalogues<\/span><\/span><\/h4><\/header><div class=\"bt_bb_separator bt_bb_border_style_none bt_bb_border_color_none bt_bb_bottom_spacing_25\" data-bt-override-class=\"null\"><\/div><div  class=\"bt_bb_text\" ><ul>\n<li><a href=\"https:\/\/venman.gr\/wp-content\/uploads\/2025\/09\/VenmanHliothermika-21\u03a729-FR-09_2025.pdf\">Syst\u00e8mes solaires thermiques<\/a><\/li>\n<li><a href=\"https:\/\/venman.gr\/wp-content\/uploads\/2026\/02\/VenmanBoiler-21\u03a729-FR-02_2026.pdf\" target=\"_blank\" rel=\"noopener\">R\u00e9servoirs de chauffage<\/a><\/li>\n<li><a href=\"https:\/\/venman.gr\/wp-content\/uploads\/2025\/10\/Capteurs-FR.pdf\" target=\"_blank\" rel=\"noopener\">Capteurs solaires thermiques<\/a><\/li>\n<li><a href=\"https:\/\/venman.gr\/wp-content\/uploads\/2025\/10\/STRUCTURES-FR.pdf\" target=\"_blank\" rel=\"noopener\">Syst\u00e8mes de soutien<\/a><\/li>\n<li><a href=\"https:\/\/venman.gr\/wp-content\/uploads\/2025\/10\/Accessoires-FR.pdf\" target=\"_blank\" rel=\"noopener\">Kit de raccordement et de s\u00e9curit\u00e9<\/a><\/li>\n<\/ul>\n<\/div><\/div><\/div><\/div><div  class=\"bt_bb_column col-xxl-3 col-xl-3 bt_bb_vertical_align_top bt_bb_align_left bt_bb_padding_normal bt_bb_animation_fade_in animate\" style=\"; --column-width:3;\" data-width=\"3\" data-bt-override-class=\"{}\"><div class=\"bt_bb_column_content\"><div class=\"bt_bb_column_content_inner\"><div class=\"bt_bb_separator bt_bb_border_style_none bt_bb_border_color_none bt_bb_top_spacing_ bt_bb_bottom_spacing_35\" data-bt-override-class=\"{&quot;bt_bb_top_spacing_&quot;:{&quot;current_class&quot;:&quot;bt_bb_top_spacing_&quot;,&quot;def&quot;:&quot;&quot;,&quot;xl&quot;:&quot;&quot;},&quot;bt_bb_bottom_spacing_&quot;:{&quot;current_class&quot;:&quot;bt_bb_bottom_spacing_35&quot;,&quot;def&quot;:&quot;35&quot;,&quot;xl&quot;:&quot;35&quot;}}\"><\/div><header class=\"bt_bb_headline bt_bb_dash_none bt_bb_size_extrasmall bt_bb_align_inherit\" data-bt-override-class=\"{}\"><h4 class=\"bt_bb_headline_tag\"><span class=\"bt_bb_headline_content\"><span>Connectez-vous avec nous<br \/><br \/>\n<\/span><\/span><\/h4><\/header><div class=\"bt_bb_separator bt_bb_border_style_none bt_bb_border_color_none bt_bb_top_spacing_extra_small bt_bb_bottom_spacing_small\" data-bt-override-class=\"null\"><\/div><div class=\"bt_bb_icon bt_bb_style_outline bt_bb_size_normal bt_bb_shape_circle bt_bb_target_blank bt_bb_text_empty bt_bb_align_inherit\" data-bt-override-class=\"{&quot;bt_bb_size_&quot;:{&quot;current_class&quot;:&quot;bt_bb_size_normal&quot;,&quot;def&quot;:&quot;normal&quot;,&quot;xl&quot;:&quot;normal&quot;},&quot;bt_bb_align_&quot;:{&quot;current_class&quot;:&quot;bt_bb_align_inherit&quot;,&quot;def&quot;:&quot;inherit&quot;,&quot;xl&quot;:&quot;inherit&quot;}}\"><a href=\"https:\/\/www.facebook.com\/venmansolar\/?fref=ts\"  target=\"_blank\"   data-ico-fontawesome=\"&#xf09a;\" class=\"bt_bb_icon_holder\"><\/a><\/div><div class=\"bt_bb_icon bt_bb_style_outline bt_bb_size_normal bt_bb_shape_circle bt_bb_target_blank bt_bb_text_empty bt_bb_align_inherit\" data-bt-override-class=\"{&quot;bt_bb_size_&quot;:{&quot;current_class&quot;:&quot;bt_bb_size_normal&quot;,&quot;def&quot;:&quot;normal&quot;,&quot;xl&quot;:&quot;normal&quot;},&quot;bt_bb_align_&quot;:{&quot;current_class&quot;:&quot;bt_bb_align_inherit&quot;,&quot;def&quot;:&quot;inherit&quot;,&quot;xl&quot;:&quot;inherit&quot;}}\"><a href=\"https:\/\/twitter.com\/venmancompany?lang=el\"  target=\"_blank\"   data-ico-fontawesome=\"&#xf099;\" class=\"bt_bb_icon_holder\"><\/a><\/div><div class=\"bt_bb_icon bt_bb_style_outline bt_bb_size_normal bt_bb_shape_circle bt_bb_target_blank bt_bb_text_empty bt_bb_align_inherit\" data-bt-override-class=\"{&quot;bt_bb_size_&quot;:{&quot;current_class&quot;:&quot;bt_bb_size_normal&quot;,&quot;def&quot;:&quot;normal&quot;,&quot;xl&quot;:&quot;normal&quot;},&quot;bt_bb_align_&quot;:{&quot;current_class&quot;:&quot;bt_bb_align_inherit&quot;,&quot;def&quot;:&quot;inherit&quot;,&quot;xl&quot;:&quot;inherit&quot;}}\"><a href=\"https:\/\/www.instagram.com\/venman_solar\/\"  target=\"_blank\"   data-ico-fontawesome=\"&#xf16d;\" class=\"bt_bb_icon_holder\"><\/a><\/div><div class=\"bt_bb_icon bt_bb_style_outline bt_bb_size_normal bt_bb_shape_circle bt_bb_target_blank bt_bb_text_empty bt_bb_align_inherit\" data-bt-override-class=\"{&quot;bt_bb_size_&quot;:{&quot;current_class&quot;:&quot;bt_bb_size_normal&quot;,&quot;def&quot;:&quot;normal&quot;,&quot;xl&quot;:&quot;normal&quot;},&quot;bt_bb_align_&quot;:{&quot;current_class&quot;:&quot;bt_bb_align_inherit&quot;,&quot;def&quot;:&quot;inherit&quot;,&quot;xl&quot;:&quot;inherit&quot;}}\"><a href=\"https:\/\/www.linkedin.com\/company\/2926756\/\"  target=\"_blank\"   data-ico-fontawesome=\"&#xf0e1;\" class=\"bt_bb_icon_holder\"><\/a><\/div><div class=\"bt_bb_icon bt_bb_style_outline bt_bb_size_normal bt_bb_shape_circle bt_bb_target_blank bt_bb_text_empty bt_bb_align_inherit\" data-bt-override-class=\"{&quot;bt_bb_size_&quot;:{&quot;current_class&quot;:&quot;bt_bb_size_normal&quot;,&quot;def&quot;:&quot;normal&quot;,&quot;xl&quot;:&quot;normal&quot;},&quot;bt_bb_align_&quot;:{&quot;current_class&quot;:&quot;bt_bb_align_inherit&quot;,&quot;def&quot;:&quot;inherit&quot;,&quot;xl&quot;:&quot;inherit&quot;}}\"><a href=\"https:\/\/www.youtube.com\/user\/VenmanSA\/featured\"  target=\"_blank\"   data-ico-fontawesome=\"&#xf16a;\" class=\"bt_bb_icon_holder\"><\/a><\/div><div class=\"bt_bb_separator bt_bb_border_style_none bt_bb_border_color_none bt_bb_bottom_spacing_small\" data-bt-override-class=\"null\"><\/div><div  class=\"bt_bb_text\" ><p>\nNous offrons une longue exp\u00e9rience \u00e0 l\u2019\u00e9chelle mondiale ainsi que notre capacit\u00e9 \u00e0 guider nos clients vers des solutions nouvelles et souvent innovantes.<\/p>\n<p><small><a href=\"https:\/\/venman.gr\/fr\/politiki-aporritou\/\">Confidentiel<\/a> |\u00a0<a href=\"https:\/\/venman.gr\/fr\/politiki-cookie\/\">Cookie<\/a> |\u00a0<a href=\"https:\/\/venman.gr\/fr\/oroi-xrisis\/\">Conditions<\/a><\/small><\/p>\n<\/div><\/div><\/div><\/div><\/div><\/div><\/div><!-- cell_inner --><\/div><!-- cell --><\/div><!-- port --><\/section><section id=\"bt_bb_section69f3c5bee2c96\" class=\"bt_bb_section bt_bb_layout_boxed_1200\"  data-bt-override-class=\"null\"><div class=\"bt_bb_port\"><div class=\"bt_bb_cell\"><div class=\"bt_bb_cell_inner\"><div class=\"bt_bb_row \"  data-bt-override-class=\"{}\"><div class=\"bt_bb_row_holder\" ><div  class=\"bt_bb_column col-xxl-12 col-xl-12 col-xs-12 col-sm-12 col-md-12 col-lg-12 bt_bb_vertical_align_top bt_bb_align_left bt_bb_padding_normal\" style=\"; --column-width:12;\" data-width=\"12\" data-bt-override-class=\"{}\"><div class=\"bt_bb_column_content\"><div class=\"bt_bb_column_content_inner\"><\/div><\/div><\/div><\/div><\/div><\/div><!-- cell_inner --><\/div><!-- cell --><\/div><!-- port --><\/section><section id=\"bt_bb_section69f3c5bee3002\" class=\"bt_bb_section bt_bb_layout_boxed_1200\"  data-bt-override-class=\"null\"><div class=\"bt_bb_port\"><div class=\"bt_bb_cell\"><div class=\"bt_bb_cell_inner\"><div class=\"bt_bb_row \"  data-bt-override-class=\"{}\"><div class=\"bt_bb_row_holder\" ><\/div><\/div><\/div><!-- cell_inner --><\/div><!-- cell --><\/div><!-- port --><\/section>\n","protected":false},"excerpt":{"rendered":"","protected":false},"author":1,"featured_media":0,"parent":354709,"menu_order":0,"comment_status":"closed","ping_status":"closed","template":"","meta":{"footnotes":""},"class_list":["post-354723","page","type-page","status-publish","hentry"],"_links":{"self":[{"href":"https:\/\/venman.gr\/fr\/wp-json\/wp\/v2\/pages\/354723","targetHints":{"allow":["GET"]}}],"collection":[{"href":"https:\/\/venman.gr\/fr\/wp-json\/wp\/v2\/pages"}],"about":[{"href":"https:\/\/venman.gr\/fr\/wp-json\/wp\/v2\/types\/page"}],"author":[{"embeddable":true,"href":"https:\/\/venman.gr\/fr\/wp-json\/wp\/v2\/users\/1"}],"replies":[{"embeddable":true,"href":"https:\/\/venman.gr\/fr\/wp-json\/wp\/v2\/comments?post=354723"}],"version-history":[{"count":15,"href":"https:\/\/venman.gr\/fr\/wp-json\/wp\/v2\/pages\/354723\/revisions"}],"predecessor-version":[{"id":355428,"href":"https:\/\/venman.gr\/fr\/wp-json\/wp\/v2\/pages\/354723\/revisions\/355428"}],"up":[{"embeddable":true,"href":"https:\/\/venman.gr\/fr\/wp-json\/wp\/v2\/pages\/354709"}],"wp:attachment":[{"href":"https:\/\/venman.gr\/fr\/wp-json\/wp\/v2\/media?parent=354723"}],"curies":[{"name":"wp","href":"https:\/\/api.w.org\/{rel}","templated":true}]}}