{"id":354522,"date":"2023-05-18T15:54:24","date_gmt":"2023-05-18T12:54:24","guid":{"rendered":"https:\/\/venman.gr\/politiki-aporritou\/"},"modified":"2025-05-07T11:25:53","modified_gmt":"2025-05-07T08:25:53","slug":"politiki-aporritou","status":"publish","type":"page","link":"https:\/\/venman.gr\/fr\/politiki-aporritou\/","title":{"rendered":"POLITIQUE DE S\u00c9CURIT\u00c9 DE LA GESTION DES DONN\u00c9ES \u00c0 CARACT\u00c8RE PERSONNEL"},"content":{"rendered":"<section id=\"bt_bb_section69deedf0cd8e1\" class=\"bt_bb_section bt_bb_layout_boxed_1200\"  data-bt-override-class=\"null\"><div class=\"bt_bb_port\"><div class=\"bt_bb_cell\"><div class=\"bt_bb_cell_inner\"><div class=\"bt_bb_row \"  data-bt-override-class=\"{}\"><div class=\"bt_bb_row_holder\" ><div  class=\"bt_bb_column col-xxl-12 col-xl-12 col-xs-12 col-sm-12 col-md-12 col-lg-12 bt_bb_vertical_align_top bt_bb_align_left bt_bb_padding_normal\" style=\"; --column-width:12;\" data-width=\"12\" data-bt-override-class=\"{}\"><div class=\"bt_bb_column_content\"><div class=\"bt_bb_column_content_inner\"><div class=\"bt_bb_separator bt_bb_border_style_none bt_bb_border_color_none bt_bb_top_spacing_large bt_bb_bottom_spacing_\" data-bt-override-class=\"{&quot;bt_bb_top_spacing_&quot;:{&quot;current_class&quot;:&quot;bt_bb_top_spacing_large&quot;,&quot;def&quot;:&quot;large&quot;,&quot;xl&quot;:&quot;large&quot;},&quot;bt_bb_bottom_spacing_&quot;:{&quot;current_class&quot;:&quot;bt_bb_bottom_spacing_&quot;,&quot;def&quot;:&quot;&quot;,&quot;xl&quot;:&quot;&quot;}}\"><\/div><\/div><\/div><\/div><\/div><\/div><\/div><!-- cell_inner --><\/div><!-- cell --><\/div><!-- port --><\/section><section id=\"bt_bb_section69deedf0cde21\" class=\"bt_bb_section bt_bb_layout_boxed_1200\"  data-bt-override-class=\"null\"><div class=\"bt_bb_port\"><div class=\"bt_bb_cell\"><div class=\"bt_bb_cell_inner\"><div class=\"bt_bb_row \"  data-bt-override-class=\"{}\"><div class=\"bt_bb_row_holder\" ><div  class=\"bt_bb_column col-xxl-12 col-xl-12 col-xs-12 col-sm-12 col-md-12 col-lg-12 bt_bb_vertical_align_top bt_bb_align_left bt_bb_padding_normal\" style=\"; --column-width:12;\" data-width=\"12\" data-bt-override-class=\"{}\"><div class=\"bt_bb_column_content\"><div class=\"bt_bb_column_content_inner\"><div  class=\"bt_bb_text\" ><h3 class=\"western\" align=\"center\" data-wahfont=\"20\"><b>POLITIQUE DE S\u00c9CURIT\u00c9 DE LA GESTION DES DONN\u00c9ES \u00c0 CARACT\u00c8RE PERSONNEL<\/b><\/h3>\n<p style=\"text-align: center\" data-wahfont=\"14\">La soci\u00e9t\u00e9 \u0397 VENMAN ABEE, bas\u00e9e \u00e0 11i\u00e8me kilom\u00e8tre de l\u2019ancienne route nationale Thessalonique \u2013 Kilkis, est responsable du traitement des donn\u00e9es \u00e0 caract\u00e8re personnel dans le cadre des relations contractuelles et transactionnelles qu\u2019elle cr\u00e9e pour atteindre ses objectifs de la soci\u00e9t\u00e9.<\/p>\n<p style=\"text-align: center\" data-wahfont=\"14\">Compte tenu du maintien sans g\u00eane d\u2019un haut niveau de protection lors du traitement des donn\u00e9es \u00e0 caract\u00e8re personnel et de la facilitation de l\u2019exercice effectif des droits et libert\u00e9s reconnus par le R\u00e8glement 2016\/679, la soci\u00e9t\u00e9 codifie la politique de s\u00e9curit\u00e9 appliqu\u00e9e afin qu\u2019elle soit imm\u00e9diatement accessible aux personnes concern\u00e9es.<\/p>\n<p class=\"western\" align=\"center\" data-wahfont=\"20\"><strong>Principes r\u00e9gissant le traitement des donn\u00e9es<\/strong><\/p>\n<p>1. La collecte et le traitement des donn\u00e9es \u00e0 caract\u00e8re personnel par la soci\u00e9t\u00e9<\/p>\n<p>a) sont effectu\u00e9s dans le respect de la l\u00e9galit\u00e9, de l\u2019objectivit\u00e9 et de la transparence\u00a0;<\/p>\n<p>b) sont effectu\u00e9s \u00e0 des fins sp\u00e9cifi\u00e9es et l\u00e9gales, alors que les donn\u00e9es ne sont pas trait\u00e9es ult\u00e9rieurement, sauf lorsque cela est absolument l\u00e9gitime\u00a0;<\/p>\n<p>c) sont effectu\u00e9s dans le strict respect des principes de proportionnalit\u00e9 et de minimisation (minimisation des donn\u00e9es), de sorte que la mesure absolument n\u00e9cessaire pour servir les fins explicites, l\u00e9gales et l\u00e9gitimes poursuivies par le traitement ne soit jamais d\u00e9pass\u00e9e,<\/p>\n<p>d) sont effectu\u00e9s avec un soin constant pour garantir l\u2019exactitude des donn\u00e9es, ainsi que leur mise \u00e0 jour, tandis que toutes les mesures n\u00e9cessaires sont prises pour supprimer ou corriger imm\u00e9diatement les donn\u00e9es inexactes conform\u00e9ment aux fins de traitement\u00a0; et<\/p>\n<p>e) sont effectu\u00e9s de mani\u00e8re \u00e0 garantir la s\u00e9curit\u00e9 appropri\u00e9e des donn\u00e9es \u00e0 caract\u00e8re personnel sur la base des principes d\u2019int\u00e9grit\u00e9 et de confidentialit\u00e9.<\/p>\n<p>2. Afin d\u2019atteindre les principes ci-dessus, la soci\u00e9t\u00e9 utilise les mesures appropri\u00e9es techniques<br \/>et organisationnelles pour prot\u00e9ger l\u2019information personnelle qu\u2019elle collecte et traite incorpor\u00e9e dans un fichier physique ou \u00e9lectronique. Les mesures qu\u2019elle utilise sont con\u00e7ues pour fournir un niveau de s\u00e9curit\u00e9 appropri\u00e9 au risque de traitement des donn\u00e9es \u00e0 caract\u00e8re personnel.<\/p>\n<p class=\"western\" align=\"center\" data-wahfont=\"20\"><b>Collecte et traitement des donn\u00e9es \u00e0 caract\u00e8re personnel<\/b><\/p>\n<p>1. La soci\u00e9t\u00e9 traite les donn\u00e9es \u00e0 caract\u00e8re personnel qui lui ont \u00e9t\u00e9 soumises ou qui lui seront soumises et qui sont n\u00e9cessaires \u00e0 l\u2019initiation, au maintien et \u00e0 l\u2019ex\u00e9cution de relations commerciales et contractuelles existantes ou futures. La responsabilit\u00e9 de l\u2019exhaustivit\u00e9, de l\u2019exactitude et de la mise \u00e0 jour des donn\u00e9es, le cas \u00e9ch\u00e9ant, incombe exclusivement au sujet auquel les donn\u00e9es se rapportent. Dans tous les cas, la soci\u00e9t\u00e9 se r\u00e9serve le droit de demander une mise \u00e0 jour des donn\u00e9es qu\u2019elle d\u00e9tient, notamment lorsque cela est jug\u00e9 n\u00e9cessaire au bon d\u00e9roulement des relations commerciales, ainsi qu\u2019au respect des obligations d\u00e9coulant de la loi.<\/p>\n<p>2. La soci\u00e9t\u00e9 traite \u00e9galement des donn\u00e9es \u00e0 caract\u00e8re personnel qu\u2019elle re\u00e7oit ou dont elle a connaissance d\u2019une tierce personne physique ou morale ou d\u2019un organisme public et qui sont n\u00e9cessaires soit pour r\u00e9aliser ses int\u00e9r\u00eats juridiques ou ceux d\u2019un tiers, soit pour remplir des fonctions des organismes ex\u00e9cut\u00e9es dans l\u2019int\u00e9r\u00eat public (par exemple, fonctions des autorit\u00e9s fiscales et des organismes de s\u00e9curit\u00e9 sociale).<\/p>\n<p>3. La soci\u00e9t\u00e9 peut \u00e9galement traiter les donn\u00e9es qu\u2019elle collecte aupr\u00e8s de sources tierces accessibles au public (par exemple, registres hypoth\u00e9caires\/cadastre, registres du commerce, Internet) tant que ces donn\u00e9es sont n\u00e9cessaires aux fins de traitement et pour la satisfaction de ses int\u00e9r\u00eats l\u00e9gitimes et r\u00e9clamations.<\/p>\n<p>4. La soci\u00e9t\u00e9 ne traite pas de donn\u00e9es \u00e0 caract\u00e8re personnel, telles que des donn\u00e9es relatives \u00e0 l\u2019origine raciale ou ethnique, aux opinions politiques, aux convictions religieuses ou philosophiques ou \u00e0 l\u2019appartenance \u00e0 un syndicat, des donn\u00e9es g\u00e9n\u00e9tiques ou biom\u00e9triques \u00e0 des fins d\u2019identification en tant que sujet du traitement, ainsi que des donn\u00e9es de sant\u00e9 ou des donn\u00e9es concernant la vie sexuelle ou l\u2019orientation sexuelle sauf si: a) le consentement de la personne concern\u00e9e a \u00e9t\u00e9 express\u00e9ment donn\u00e9 dans un but pr\u00e9cis ; b) ces donn\u00e9es ont \u00e9t\u00e9 divulgu\u00e9es \u00e0 la soci\u00e9t\u00e9 par la personne concern\u00e9e ou une tierce personne physique ou morale dans le cadre de la documentation et de la sauvegarde de ses int\u00e9r\u00eats l\u00e9gitimes et\/ou int\u00e9r\u00eats de la soci\u00e9t\u00e9 en tant que responsable du traitement (par exemple, des informations sur la position de la personne concern\u00e9e dans l\u2019aide juridictionnelle) ; c) les donn\u00e9es ont \u00e9t\u00e9 rendues publiques par la personne concern\u00e9e ; d) le traitement est n\u00e9cessaire pour des raisons d\u2019int\u00e9r\u00eat public substantiel (enqu\u00eate sur un acte poursuivi p\u00e9nalement). Il est \u00e0 noter que la soci\u00e9t\u00e9 a dans tous les cas pris toutes les mesures techniques et organisationnelles n\u00e9cessaires pour la bonne garde et le traitement en toute s\u00e9curit\u00e9 des donn\u00e9es \u00e0 caract\u00e8re personnel appartenant aux cat\u00e9gories sp\u00e9ciales susmentionn\u00e9es.<\/p>\n<p>5. La soci\u00e9t\u00e9 ne collecte ni ne traite de donn\u00e9es \u00e0 caract\u00e8re personnel de mineurs sauf si le consentement des parents ou tuteurs a \u00e9t\u00e9 pr\u00e9alablement fourni.<\/p>\n<p style=\"text-align: center\" data-wahfont=\"14\"><strong>L\u00e9galit\u00e9 du traitement des donn\u00e9es \u00e0 caract\u00e8re personnel<\/strong><\/p>\n<p>La soci\u00e9t\u00e9 traite l\u00e9galement les donn\u00e9es \u00e0 caract\u00e8re personnel si le traitement\u00a0:<\/p>\n<p>a) est n\u00e9cessaire au service, au soutien et au suivi de ses relations commerciales en g\u00e9n\u00e9ral et \u00e0 la bonne ex\u00e9cution des contrats qu\u2019elle a conclus\u00a0;<\/p>\n<p>b) est n\u00e9cessaire au respect par la soci\u00e9t\u00e9 de ses obligations l\u00e9gales ou \u00e0 la poursuite de ses int\u00e9r\u00eats et r\u00e9clamations juridiques\u00a0;<\/p>\n<p>c) est n\u00e9cessaire \u00e0 l\u2019accomplissement de son devoir qui est ex\u00e9cut\u00e9 pour servir l\u2019int\u00e9r\u00eat public dans le cadre l\u00e9gislatif et r\u00e9glementaire applicable\u00a0;<\/p>\n<p>d) est bas\u00e9 sur le consentement expr\u00e8s pr\u00e9alable de la personne concern\u00e9e par les donn\u00e9es \u00e0 caract\u00e8re personnel.<\/p>\n<p style=\"text-align: center\" data-wahfont=\"14\"><strong>Retrait du consentement<\/strong><\/p>\n<p>Lorsque le consentement pr\u00e9alable de la personne concern\u00e9e est une condition n\u00e9cessaire \u00e0 l\u2019admissibilit\u00e9 du traitement, toute r\u00e9vocation de celui-ci n\u2019affecte pas la l\u00e9galit\u00e9 du traitement fond\u00e9 sur celui-ci, jusqu\u2019\u00e0 ce que la r\u00e9vocation soit notifi\u00e9e \u00e0 la soci\u00e9t\u00e9. Pour que la notification soit valide, la r\u00e9vocation doit \u00eatre faite par \u00e9crit \u00e0 la soci\u00e9t\u00e9.<\/p>\n<p style=\"text-align: center\" data-wahfont=\"14\"><strong>Fins de traitement des donn\u00e9es \u00e0 caract\u00e8re personnel<\/strong><\/p>\n<p>Le traitement des donn\u00e9es \u00e0 caract\u00e8re personnel concerne\u00a0:<\/p>\n<p>a) service, accompagnement et suivi des relations commerciales avec la soci\u00e9t\u00e9, la bonne ex\u00e9cution des contrats existants ou futurs\u00a0;<\/p>\n<p>b) ex\u00e9cution des obligations de la soci\u00e9t\u00e9 en tant que responsable ou l\u2019ex\u00e9cution du traitement\u00a0;<\/p>\n<p>c) exercice des droits l\u00e9gaux et contractuels de la soci\u00e9t\u00e9\u00a0;<\/p>\n<p>d) contr\u00f4les pr\u00e9vus par le cadre l\u00e9gislatif actuel\u00a0;<\/p>\n<p>e) enregistrement, inscription et archivage de tous les types d\u2019informations qui ont \u00e9t\u00e9 l\u00e9galement collect\u00e9es par la soci\u00e9t\u00e9\u00a0;<\/p>\n<p>f) mise \u00e0 niveau des produits et services fournis par la soci\u00e9t\u00e9, publicit\u00e9 et promotion des produits et services de la soci\u00e9t\u00e9 et des soci\u00e9t\u00e9s coop\u00e9rant avec la Banque, sous r\u00e9serve du consentement pr\u00e9alable de l\u2019objet des donn\u00e9es \u00e0 caract\u00e8re personnel\u00a0;<\/p>\n<p>g) satisfaction de toutes sortes de demandes adress\u00e9es \u00e0 la soci\u00e9t\u00e9 ou examen des r\u00e9clamations concernant les produits et services offerts par la soci\u00e9t\u00e9\u00a0;<\/p>\n<p>h) respect des obligations l\u00e9gales de la soci\u00e9t\u00e9 d\u00e9coulant du cadre l\u00e9gislatif actuel\u00a0;<\/p>\n<p>i) d\u00e9fense des int\u00e9r\u00eats juridiques de la soci\u00e9t\u00e9 qui sont \u00e0 titre indicatif li\u00e9s \u00e0\u00a0: 1) l\u2019affirmation de ses droits devant les autorit\u00e9s judiciaires comp\u00e9tentes ou d\u2019autres organismes extrajudiciaires\/alternatifs de r\u00e8glement des diff\u00e9rends\u00a0; 2) la pr\u00e9vention de la fraude et d\u2019autres actes poursuivis p\u00e9nalement\u00a0; 3) l\u2019\u00e9valuation et l\u2019optimisation des proc\u00e9dures de s\u00e9curit\u00e9 et des syst\u00e8mes d\u2019information\u00a0; 4) la s\u00e9curit\u00e9 physique et la protection des personnes et des biens (par exemple la vid\u00e9osurveillance).<\/p>\n<p style=\"text-align: center\"><strong>M\u00e9thode de traitement des donn\u00e9es<\/strong><\/p>\n<p style=\"text-align: left\">La soci\u00e9t\u00e9 s\u2019engage \u00e0 ce que la collecte et le traitement des donn\u00e9es \u00e0 caract\u00e8re personnel soient effectu\u00e9s dans le respect absolu de la loi. En particulier, le traitement n\u2019est l\u00e9gale que si au moins l\u2019une des conditions suivantes s\u2019applique :<\/p>\n<p>a) la personne concern\u00e9e a consenti au traitement de ses donn\u00e9es \u00e0 caract\u00e8re personnel \u00e0 une ou plusieurs fins sp\u00e9cifiques\u00a0;<\/p>\n<p>b) le traitement est n\u00e9cessaire \u00e0 l\u2019ex\u00e9cution d\u2019un contrat auquel la personne concern\u00e9e est partie ou \u00e0 la prise de mesures \u00e0 la demande de la personne concern\u00e9e avant la conclusion d\u2019un contrat\u00a0;<\/p>\n<p>c) le traitement est n\u00e9cessaire pour se conformer \u00e0 une obligation l\u00e9gale de la soci\u00e9t\u00e9\u00a0;<\/p>\n<p>d) le traitement est n\u00e9cessaire pour sauvegarder un int\u00e9r\u00eat vital de la personne concern\u00e9e ou d\u2019une autre personne physique\u00a0;<\/p>\n<p>e) le traitement est n\u00e9cessaire \u00e0 l\u2019accomplissement d\u2019une t\u00e2che effectu\u00e9e dans l\u2019int\u00e9r\u00eat public\u00a0;<\/p>\n<p>f) le traitement est n\u00e9cessaire aux fins des int\u00e9r\u00eats juridiques poursuivis par la soci\u00e9t\u00e9.<\/p>\n<p style=\"text-align: center\" data-wahfont=\"14\"><strong>Utilisation des cam\u00e9ras de s\u00e9curit\u00e9<\/strong><\/p>\n<p style=\"text-align: left\">1. Afin de prot\u00e9ger la vie et l\u2019int\u00e9grit\u00e9 physique du personnel, ainsi que la s\u00e9curit\u00e9 des installations, la soci\u00e9t\u00e9 utilise des moyens techniques de surveillance, notamment la t\u00e9l\u00e9vision en circuit ferm\u00e9.<\/p>\n<p>2. Lors du fonctionnement du syst\u00e8me de surveillance, toutes les mesures organisationnelles et techniques appropri\u00e9es sont prises pour la confidentialit\u00e9 et la s\u00e9curit\u00e9 des donn\u00e9es ainsi que pour leur protection contre toute forme de traitement ill\u00e9gale.<\/p>\n<p>3. La soci\u00e9t\u00e9 prend soin avec minutie par rapport\u00a0:<\/p>\n<p>a) \u00e0 la s\u00e9curit\u00e9 du mat\u00e9riel enregistr\u00e9 et l\u2019\u00e9vitement de sa diffusion \u00e0 des destinataires non l\u00e9gaux\u00a0;<\/p>\n<p>b) au contr\u00f4le de l\u2019acc\u00e8s \u00e0 la zone de contr\u00f4le centrale, la zone de stockage<br \/>au mat\u00e9riel enregistr\u00e9 et au tout syst\u00e8me de traitement (au niveau du mat\u00e9riel et<br \/>du logiciel)\u00a0;<\/p>\n<p>c) \u00e0 l\u2019\u00e9vitement de l\u2019utilisation imprudente des \u00e9crans de projection\u00a0;<\/p>\n<p>d) \u00e0 la transmission s\u00e9curis\u00e9e des \u00e9v\u00e9nements enregistr\u00e9s aux destinataires l\u00e9gaux (par exemple, les autorit\u00e9s de police)\u00a0;<\/p>\n<p>e) \u00e0 la formation continue du personnel en mati\u00e8re de protection des donn\u00e9es \u00e0 caract\u00e8re personnel.<\/p>\n<p>4. La soci\u00e9t\u00e9 garantit la fourniture d\u2019informations suffisantes sur l\u2019existence de la t\u00e9l\u00e9vision en circuit ferm\u00e9, au moyen de panneaux clairement visibles sur lesquels la fin de traitement est indiqu\u00e9e.<\/p>\n<p>5. La soci\u00e9t\u00e9 sauvegarde les donn\u00e9es collect\u00e9es pendant la dur\u00e9e absolument n\u00e9cessaire au regard de la fin l\u00e9gale de traitement.<\/p>\n<p>6. La soci\u00e9t\u00e9 doit transmettre aux autorit\u00e9s judiciaires, de poursuite et de police comp\u00e9tentes les donn\u00e9es que ces derni\u00e8res demandent l\u00e9galement lors de l\u2019exercice de<br \/>leurs devoirs.<\/p>\n<p>7. La soci\u00e9t\u00e9 est en droit de proc\u00e9der \u00e0 un traitement ult\u00e9rieur des donn\u00e9es \u00e0 caract\u00e8re personnel qu\u2019elle a obtenues de la t\u00e9l\u00e9vision en circuit ferm\u00e9 dans la mesure o\u00f9 il s\u2019agit de preuves d\u2019un acte criminel (par exemple vol, consommation de coca\u00efne) commis dans ses locaux, afin d\u2019en assurer l\u2019utilisation par les autorit\u00e9s judiciaires, de poursuite et de police comp\u00e9tentes, avec identification des auteurs et documentation des faits.<\/p>\n<p style=\"text-align: center\" data-wahfont=\"14\"><strong>Prise de d\u00e9cision automatis\u00e9e et profilage<br \/><\/strong><\/p>\n<p style=\"text-align: left\">La soci\u00e9t\u00e9 ne prend pas de d\u00e9cisions bas\u00e9es uniquement sur des proc\u00e9dures automatis\u00e9es de traitement des donn\u00e9es \u00e0 caract\u00e8re personnel.<\/p>\n<p style=\"text-align: center\" data-wahfont=\"14\"><strong>Traitement des donn\u00e9es \u00e0 caract\u00e8re personnel \u00e0 des fins de marketing (marketing)<\/strong><\/p>\n<p>La soci\u00e9t\u00e9 peut, apr\u00e8s avoir obtenu le consentement pr\u00e9alable, traiter des donn\u00e9es \u00e0 caract\u00e8re personnel afin d\u2019informer le public int\u00e9ress\u00e9 sur ses produits et services. Dans tous les cas, le droit de s\u2019opposer au traitement des donn\u00e9es \u00e0 caract\u00e8re personnel aux fins susmentionn\u00e9es de promotion commerciale directe des produits\/services de la soci\u00e9t\u00e9 est accord\u00e9, qui est exerc\u00e9 en soumettant une demande correspondante \u00e0 la soci\u00e9t\u00e9 par \u00e9crit.<\/p>\n<p style=\"text-align: center\" data-wahfont=\"14\"><strong>Dur\u00e9e de sauvegarde des donn\u00e9es \u00e0 caract\u00e8re personnel<\/strong><\/p>\n<p style=\"text-align: left\">La soci\u00e9t\u00e9 sauvegarde les donn\u00e9es \u00e0 caract\u00e8re personnel collect\u00e9es aussi longtemps que cela est pr\u00e9vu pour chaque cas par le cadre l\u00e9gislatif et r\u00e9glementaire applicable et dans chaque cas pour une dur\u00e9e de vingt (20) ans.<\/p>\n<p style=\"text-align: center\" data-wahfont=\"14\"><strong>Destinataires des donn\u00e9es \u00e0 caract\u00e8re personnel<br \/><\/strong><\/p>\n<p>1. Les employ\u00e9s de la soci\u00e9t\u00e9 ont acc\u00e8s aux donn\u00e9es \u00e0 caract\u00e8re personnel strictement dans le cadre de leurs responsabilit\u00e9s\u00a0; la direction de la soci\u00e9t\u00e9 a aussi acc\u00e8s pour la bonne ex\u00e9cution et le respect des obligations contractuelles et l\u00e9gales, ainsi que les commissaires aux comptes de la soci\u00e9t\u00e9 ont aussi acc\u00e8s.<\/p>\n<p>2. La soci\u00e9t\u00e9 ne transmet ni ne divulgue ses donn\u00e9es \u00e0 caract\u00e8re personnel \u00e0 des tiers, sauf pour remplir des obligations l\u00e9gales envers les autorit\u00e9s judiciaires\/de poursuite et les autorit\u00e9s publiques.<\/p>\n<p style=\"text-align: center\" data-wahfont=\"14\"><strong>Droit d\u2019acc\u00e8s<\/strong><\/p>\n<p>La soci\u00e9t\u00e9 fournit, \u00e0 la demande de l\u2019objet des donn\u00e9es \u00e0 caract\u00e8re personnel, des informations concernant a) les fins de traitement des donn\u00e9es ; b) les destinataires potentiels des donn\u00e9es (par exemple, la transmission des donn\u00e9es des employ\u00e9s du d\u00e9partement dans le cadre du calcul de la taxe sur les salaires) ; c) la dur\u00e9e de sauvegarde des donn\u00e9es \u00e0 caract\u00e8re personnel ; d) l\u2019existence du droit de pr\u00e9senter une demande de rectification ou de suppression des donn\u00e9es \u00e0 caract\u00e8re personnel et e) toute autre question li\u00e9e au traitement des donn\u00e9es \u00e0 caract\u00e8re personnel qui est essentielle \u2014 \u00e0 la discr\u00e9tion de la soci\u00e9t\u00e9 \u2014 pour l\u2019exercice des droits respectifs des parties int\u00e9ress\u00e9es.<\/p>\n<p style=\"text-align: center\" data-wahfont=\"14\"><strong>Droit de rectification \u2014 Mise \u00e0 jour<\/strong><\/p>\n<p>La soci\u00e9t\u00e9 est tenue de rectifier toutes donn\u00e9es personnelles inexactes sans retard injustifi\u00e9 si une demande motiv\u00e9e est soumise. Il en va de m\u00eame en cas de mise \u00e0 jour des donn\u00e9es \u00e0 caract\u00e8re personnel.<br \/>Droit \u00e0 l\u2019effacement<br \/>1. La soci\u00e9t\u00e9 est tenue d\u2019effacer les donn\u00e9es \u00e0 caract\u00e8re personnel sans retard injustifi\u00e9 si l\u2019une des raisons suivantes s\u2019applique\u00a0: a) les donn\u00e9es \u00e0 caract\u00e8re personnel ne sont plus n\u00e9cessaires au regard des fins pour lesquelles elles ont \u00e9t\u00e9 collect\u00e9es\u00a0; b) la personne concern\u00e9e s\u2019oppose au traitement et il n\u2019y a pas de raisons imp\u00e9rieuses et l\u00e9gales pour le traitement\u00a0; c) les donn\u00e9es \u00e0 caract\u00e8re personnel ont \u00e9t\u00e9 soumises par inadvertance \u00e0 un traitement ill\u00e9gal.<\/p>\n<p>2. Par exception, la soci\u00e9t\u00e9 ne proc\u00e8de pas \u00e0 la suppression des donn\u00e9es dans la mesure o\u00f9 le traitement est n\u00e9cessaire\u00a0: a) pour se conformer \u00e0 une obligation l\u00e9gale d\u00e9coulant de la l\u00e9gislation en vigueur et n\u00e9cessitant le traitement ou pour remplir une mission ex\u00e9cut\u00e9e dans l\u2019int\u00e9r\u00eat public et b) pour constater, exercer ou soutenir des actions en justice.<\/p>\n<p style=\"text-align: center\" data-wahfont=\"14\"><strong>Modalit\u00e9s d\u2019exercice des droits<\/strong><\/p>\n<p>Toute demande concernant les donn\u00e9es \u00e0 caract\u00e8re personnel d\u00e9tenues par la soci\u00e9t\u00e9 doit \u00eatre adress\u00e9e par \u00e9crit ou par courrier \u00e0 l\u2019adresse 11\u00b0 thousand P.E.O. Thessalonique \u2013 Kilkis. TK 57022 \u2014 Bo\u00eete postale\u00a0: 1170 BI.PE.TH. S\u00edndos, Thessalonique, ou en envoyant un e-mail \u00e0 l\u2019adresse <a href=\"mailto:info@venman.gr\">info@venman.gr<\/a>.<\/p>\n<p>Il est pr\u00e9cis\u00e9 que la soci\u00e9t\u00e9 utilise des \u00ab cookies \u00bb sur son site Web afin d\u2019am\u00e9liorer les services \u00e9lectroniques fournis. Pour plus de d\u00e9tails sur les cookies, des informations sont fournies sur le site Web de la soci\u00e9t\u00e9 (<a href=\"https:\/\/venman.gr\/fr\/politiki-cookie\/\">https:\/\/venman.gr\/fr\/politiki-cookie\/<\/a>).<\/p>\n<p>Enfin, la soci\u00e9t\u00e9, sur la base de sa politique de protection des donn\u00e9es en vigueur et dans le cadre l\u00e9gislatif et r\u00e9glementaire en vigueur, peut r\u00e9viser ou modifier cette politique de s\u00e9curit\u00e9.<\/p>\n<p><strong>Demande d\u2019acc\u00e8s aux donn\u00e9es<\/strong> Tant que vous disposez d\u2019un compte utilisateur, vous pouvez avoir un acc\u00e8s automatique aux donn\u00e9es qui peuvent avoir \u00e9t\u00e9 enregistr\u00e9es pour vous sur le site Web \u00e0 partir de la page suivante : <a href=\"https:\/\/venman.gr\/data-access-request \/\">https:\/\/venman.gr\/data-access-request \/<\/a>\u00a0 Pour tout ce qui peut \u00eatre n\u00e9cessaire et li\u00e9 \u00e0 des probl\u00e8mes de protection de vos informations personnelles, <a href=\"https:\/\/venman.gr\/fr\/epikoinonia\/\">veuillez nous contacter<\/a>.<\/p>\n<h4><strong>Modifications de la Politique de confidentialit\u00e9<\/strong><\/h4>\n<p>La Politique de confidentialit\u00e9 peut changer r\u00e9guli\u00e8rement, et toute modification de la d\u00e9claration de confidentialit\u00e9 sera publi\u00e9e sur notre site Web \u00e0 l\u2019adresse <a href=\"https:\/\/venman.gr\/fr\/politiki-aporritou\/\">https:\/\/www.venman.gr\/fr\/politiki-aporritou<\/a>.<strong> DERNI\u00c8RE MISE \u00c0 JOUR LE 24\/09\/2018<\/strong><\/p>\n<\/div><div class=\"bt_bb_separator bt_bb_border_style_none bt_bb_border_color_none bt_bb_top_spacing_50 bt_bb_bottom_spacing_\" data-bt-override-class=\"{&quot;bt_bb_top_spacing_&quot;:{&quot;current_class&quot;:&quot;bt_bb_top_spacing_50&quot;,&quot;def&quot;:&quot;50&quot;,&quot;xl&quot;:&quot;50&quot;},&quot;bt_bb_bottom_spacing_&quot;:{&quot;current_class&quot;:&quot;bt_bb_bottom_spacing_&quot;,&quot;def&quot;:&quot;&quot;,&quot;xl&quot;:&quot;&quot;}}\"><\/div><\/div><\/div><\/div><\/div><\/div><\/div><!-- cell_inner --><\/div><!-- cell --><\/div><!-- port --><\/section>\n","protected":false},"excerpt":{"rendered":"","protected":false},"author":1,"featured_media":0,"parent":0,"menu_order":0,"comment_status":"closed","ping_status":"closed","template":"","meta":{"footnotes":""},"class_list":["post-354522","page","type-page","status-publish","hentry"],"_links":{"self":[{"href":"https:\/\/venman.gr\/fr\/wp-json\/wp\/v2\/pages\/354522","targetHints":{"allow":["GET"]}}],"collection":[{"href":"https:\/\/venman.gr\/fr\/wp-json\/wp\/v2\/pages"}],"about":[{"href":"https:\/\/venman.gr\/fr\/wp-json\/wp\/v2\/types\/page"}],"author":[{"embeddable":true,"href":"https:\/\/venman.gr\/fr\/wp-json\/wp\/v2\/users\/1"}],"replies":[{"embeddable":true,"href":"https:\/\/venman.gr\/fr\/wp-json\/wp\/v2\/comments?post=354522"}],"version-history":[{"count":19,"href":"https:\/\/venman.gr\/fr\/wp-json\/wp\/v2\/pages\/354522\/revisions"}],"predecessor-version":[{"id":355082,"href":"https:\/\/venman.gr\/fr\/wp-json\/wp\/v2\/pages\/354522\/revisions\/355082"}],"wp:attachment":[{"href":"https:\/\/venman.gr\/fr\/wp-json\/wp\/v2\/media?parent=354522"}],"curies":[{"name":"wp","href":"https:\/\/api.w.org\/{rel}","templated":true}]}}