{"id":354517,"date":"2023-05-18T15:58:09","date_gmt":"2023-05-18T12:58:09","guid":{"rendered":"https:\/\/venman.gr\/politiki-cookie\/"},"modified":"2025-05-06T10:42:49","modified_gmt":"2025-05-06T07:42:49","slug":"politiki-cookie","status":"publish","type":"page","link":"https:\/\/venman.gr\/fr\/politiki-cookie\/","title":{"rendered":"Politique de cookies"},"content":{"rendered":"<section id=\"bt_bb_section69d8352844e0b\" class=\"bt_bb_section bt_bb_layout_boxed_1200\"  data-bt-override-class=\"null\"><div class=\"bt_bb_port\"><div class=\"bt_bb_cell\"><div class=\"bt_bb_cell_inner\"><div class=\"bt_bb_row \"  data-bt-override-class=\"{}\"><div class=\"bt_bb_row_holder\" ><div  class=\"bt_bb_column col-xxl-12 col-xl-12 col-xs-12 col-sm-12 col-md-12 col-lg-12 bt_bb_vertical_align_top bt_bb_align_left bt_bb_padding_normal\" style=\"; --column-width:12;\" data-width=\"12\" data-bt-override-class=\"{}\"><div class=\"bt_bb_column_content\"><div class=\"bt_bb_column_content_inner\"><div class=\"bt_bb_separator bt_bb_border_style_none bt_bb_border_color_none bt_bb_top_spacing_extra_large bt_bb_bottom_spacing_\" data-bt-override-class=\"{&quot;bt_bb_top_spacing_&quot;:{&quot;current_class&quot;:&quot;bt_bb_top_spacing_extra_large&quot;,&quot;def&quot;:&quot;extra_large&quot;,&quot;xl&quot;:&quot;extra_large&quot;},&quot;bt_bb_bottom_spacing_&quot;:{&quot;current_class&quot;:&quot;bt_bb_bottom_spacing_&quot;,&quot;def&quot;:&quot;&quot;,&quot;xl&quot;:&quot;&quot;}}\"><\/div><\/div><\/div><\/div><\/div><\/div><\/div><!-- cell_inner --><\/div><!-- cell --><\/div><!-- port --><\/section><section id=\"bt_bb_section69d835284533a\" class=\"bt_bb_section bt_bb_layout_boxed_1200\"  data-bt-override-class=\"null\"><div class=\"bt_bb_port\"><div class=\"bt_bb_cell\"><div class=\"bt_bb_cell_inner\"><div class=\"bt_bb_row \"  data-bt-override-class=\"{}\"><div class=\"bt_bb_row_holder\" ><div  class=\"bt_bb_column col-xxl-12 col-xl-12 col-xs-12 col-sm-12 col-md-12 col-lg-12 bt_bb_vertical_align_top bt_bb_align_left bt_bb_padding_normal\" style=\"; --column-width:12;\" data-width=\"12\" data-bt-override-class=\"{}\"><div class=\"bt_bb_column_content\"><div class=\"bt_bb_column_content_inner\"><div  class=\"bt_bb_text\" ><h3 style=\"text-align: center\"><strong>Politique de cookies<\/strong><\/h3>\n<p><strong>Par le biais de ce site Web, la soci\u00e9t\u00e9 VENMAN et ses fournisseurs de services tiers d\u00e9finissent et utilisent des cookies pour stocker et g\u00e9rer les pr\u00e9f\u00e9rences de l\u2019utilisateur, afficher des publicit\u00e9s cibl\u00e9es, activer du contenu, collecter des analyses et des donn\u00e9es sur l\u2019utilisation et, de mani\u00e8re g\u00e9n\u00e9rale, am\u00e9liorer l\u2019exp\u00e9rience de l\u2019utilisateur.<\/strong><\/p>\n<p>Cette politique d\u00e9finit le type de cookies que nous utilisons, comment ils sont utilis\u00e9s et <a href=\"https:\/\/www.thomsonreuters.com\/en\/privacy-statement#managingcookies\">comment vous pouvez les contr\u00f4ler et les g\u00e9rer.<\/a><\/p>\n<p><b>Qu\u2019est-ce qu\u2019un cookie ?<\/b><\/p>\n<p>Un cookie est un petit fichier texte sauvegard\u00e9 sur un ordinateur ou un autre appareil et utilis\u00e9 pour identifier l\u2019utilisateur ou l\u2019appareil et collecter des informations. Les cookies appartiennent g\u00e9n\u00e9ralement \u00e0 l\u2019une des quatre cat\u00e9gories suivantes, selon leurs fonctions et leurs objectifs : cookies strictement n\u00e9cessaires, cookies de performance, cookies fonctionnels et cookies de ciblage\/publicit\u00e9.<\/p>\n<p><b>Types de cookies. Pourquoi nous les utilisons<\/b> <b>Cookies strictement n\u00e9cessaires<\/b> :<\/p>\n<p>Ces cookies sont n\u00e9cessaires pour le fonctionnement du site Web et ne peuvent pas \u00eatre d\u00e9sactiv\u00e9s dans nos syst\u00e8mes. Sans ces cookies, nous ne pouvons pas fournir les services que vous avez demand\u00e9s. Vous pouvez configurer votre navigateur pour bloquer ou vous informer de ces cookies, mais certaines parties de notre site Web ne fonctionneront pas. Ces cookies ne stockent pas d\u2019informations personnellement identifiables.<\/p>\n<p><b>Cookies de performance :<\/b><\/p>\n<p>Ces cookies nous permettent de compter le nombre de visites et de sources de trafic afin d\u2019\u00e9valuer et d\u2019am\u00e9liorer les performances de notre site Web.<\/p>\n<p>Ils nous aident \u00e0 savoir quelles pages sont plus ou moins populaires, \u00e0 voir comment les visiteurs se d\u00e9placent sur le site et s\u2019ils ont cliqu\u00e9 sur un lien.<\/p>\n<p>Cela nous permet de comprendre ce que nous faisons correctement et o\u00f9 il y a place \u00e0 am\u00e9lioration, et de nous assurer que les pages se chargent rapidement et s\u2019affichent correctement.<\/p>\n<p>Les informations collect\u00e9es comprennent, par exemple, les navigateurs Web et les syst\u00e8mes d\u2019exploitation utilis\u00e9s, le nom de domaine du site Web pr\u00e9c\u00e9demment visit\u00e9, le nombre de visites, la dur\u00e9e moyenne de la visite et les pages consult\u00e9es. Toutes les informations collect\u00e9es par ces cookies sont agr\u00e9g\u00e9es et donc anonymes.<\/p>\n<p>Si vous n\u2019autorisez pas ces cookies, nous ne saurons pas quand vous avez visit\u00e9 notre site Web et ne pourrons pas surveiller ses performances et am\u00e9liorer votre exp\u00e9rience. Pour ex\u00e9cuter ces fonctions, nous utilisons les services Google.<\/p>\n<p><b>Cookies fonctionnels<\/b> : Ces cookies permettent au site Web de fournir des fonctionnalit\u00e9s et une personnalisation am\u00e9lior\u00e9es en enregistrant vos choix (tels que votre nom d\u2019utilisateur ou votre identifiant, vos pr\u00e9f\u00e9rences linguistiques ou la r\u00e9gion dans laquelle vous vous trouvez).<\/p>\n<p>Ils peuvent \u00e9galement \u00eatre utilis\u00e9s pour fournir les services que vous avez demand\u00e9s, tels que regarder des vid\u00e9os. Ils peuvent \u00eatre d\u00e9finis par nous ou par des fournisseurs tiers dont les services ont \u00e9t\u00e9 ajout\u00e9s \u00e0 nos pages.<\/p>\n<p>Les informations collect\u00e9es par ces cookies peuvent \u00eatre anonymes et ne peuvent pas suivre votre activit\u00e9 de navigation sur d\u2019autres sites Web. Si vous n\u2019autorisez pas ces cookies, certains ou tous les services ci-dessus peuvent ne pas fonctionner correctement.<\/p>\n<p><b>Cookies de ciblage\/cookies publicitaires :<\/b><\/p>\n<p>Ces cookies suivent les habitudes de navigation et sont utilis\u00e9s pour diffuser des publicit\u00e9s cibl\u00e9es (bas\u00e9es sur les centres d\u2019int\u00e9r\u00eat). Ces cookies peuvent \u00eatre d\u00e9finis via notre site Web par nos partenaires publicitaires avec notre permission. Ils peuvent \u00eatre utilis\u00e9s par ces soci\u00e9t\u00e9s pour \u00e9tablir un profil de vos int\u00e9r\u00eats et afficher des publicit\u00e9s pertinentes sur d\u2019autres sites Web. Ils se souviennent que vous avez visit\u00e9 un site Web et ces informations sont partag\u00e9es avec d\u2019autres organisations telles que des annonceurs. Ils ne stockent pas directement les informations personnelles, mais reposent sur l\u2019identification unique de votre navigateur et de votre appareil en ligne. Vous pouvez d\u00e9sactiver ces cookies et continuer \u00e0 utiliser les sites Web de la soci\u00e9t\u00e9 VENMAN.<\/p>\n<p><b>Gestion des cookies du site Web<\/b><\/p>\n<p>Vous pouvez g\u00e9rer les cookies du site Web dans les param\u00e8tres de votre navigateur et vous pouvez modifier vos param\u00e8tres pour accepter, rejeter ou supprimer les cookies \u00e0 tout moment. Si vous choisissez de modifier vos param\u00e8tres, vous constaterez peut-\u00eatre que certaines fonctions et fonctionnalit\u00e9s ne fonctionneront pas comme elles le devraient pour que vous puissiez utiliser les services de la soci\u00e9t\u00e9 VENMAN. Les param\u00e8tres du navigateur diff\u00e8rent l\u00e9g\u00e8rement les uns des autres, donc pour g\u00e9rer les cookies, vous devez vous r\u00e9f\u00e9rer aux param\u00e8tres pertinents de votre navigateur.<\/p>\n<p><strong><b>Si vous souhaitez en savoir plus sur les cookies, veuillez visiter les sites Web suivants, qui contiennent des informations d\u00e9taill\u00e9es sur les types de cookies, comment ils sont utilis\u00e9s et comment vous pouvez g\u00e9rer vos pr\u00e9f\u00e9rences en mati\u00e8re de cookies :<\/b><\/strong> <a href=\"http:\/\/www.cookiepedia.co.uk\/index.php?title=How_to_Manage_Cookies\" target=\"_blank\">http:\/\/www.cookiepedia.co.uk\/index.php?title=How_to_Manage_Cookies<\/a> ou <a href=\"http:\/\/www.aboutcookies.org\/\" target=\"_blank\">http:\/\/www.aboutcookies.org\/<\/a><\/p>\n<p><strong><b>Cliquez ci-dessous pour obtenir des informations d\u00e9taill\u00e9es sur la d\u00e9sactivation et la suppression des cookies dans les navigateurs les plus couramment utilis\u00e9s :<\/b><\/strong> <a href=\"https:\/\/support.mozilla.org\/en-US\/kb\/delete-cookies-remove-info-websites-stored\" target=\"_blank\">Mozilla Firefox\u00ae<\/a> <a href=\"https:\/\/support.microsoft.com\/en-us\/help\/17442\/windows-internet-explorer-delete-manage-cookies#ie=ie-11\" target=\"_blank\">Microsoft\u00ae Internet Explorer<\/a> <a href=\"https:\/\/support.google.com\/accounts\/answer\/61416?hl=en\" target=\"_blank\">Google Chrome\u2122<\/a> <a href=\"https:\/\/support.apple.com\/kb\/PH21411?viewlocale=en_US&amp;locale=en_US\" target=\"_blank\">Safari\u00ae<\/a> Les agences de publicit\u00e9 vous donnent \u00e9galement la possibilit\u00e9 de vous d\u00e9sinscrire de la publicit\u00e9 cibl\u00e9e si vous le souhaitez. Cela n\u2019emp\u00eache pas l\u2019installation de cookies, mais cela emp\u00eache ces soci\u00e9t\u00e9s d\u2019utiliser et de collecter certaines donn\u00e9es. Pour plus d\u2019informations, visitez le site Web : <a href=\"http:\/\/www.youronlinechoices.eu\/\" target=\"_blank\">http:\/\/www.youronlinechoices.eu\/<\/a><\/p>\n<p><b>Publicit\u00e9 sur les appareils mobiles<\/b> Nous pouvons diffuser de la publicit\u00e9 cibl\u00e9e sur votre appareil mobile via un identifiant publicitaire que poss\u00e8de votre appareil mobile. Vous pouvez d\u00e9sactiver le suivi par les agences de publicit\u00e9 et le suivi de l\u2019emplacement de votre appareil mobile ou r\u00e9initialiser l\u2019identifiant publicitaire dans les param\u00e8tres de confidentialit\u00e9 de votre appareil mobile. Dans ce cas, les publicit\u00e9s que vous voyez peuvent \u00eatre moins pertinentes car elles ne seront pas bas\u00e9es sur vos centres d\u2019int\u00e9r\u00eat. Vous pouvez trouver plus d\u2019informations sur la fa\u00e7on de contr\u00f4le de la publicit\u00e9 sur les appareils mobiles sur <a href=\"http:\/\/youradchoices.com\/appchoices\" target=\"_blank\"><u>http:\/\/youradchoices.com\/appchoices<\/u><\/a><\/p>\n<p><b>Partenaires de la soci\u00e9t\u00e9 VENMAN<\/b> Vous pouvez \u00e9galement recevoir des cookies lorsque vous visitez les sites Web de nos partenaires. L\u2019utilisation de cookies sur des sites Web des tiers est r\u00e9gl\u00e9e par la politique de confidentialit\u00e9 et de cookies des sites Web des tiers.<\/p>\n<\/div><\/div><\/div><\/div><\/div><\/div><\/div><!-- cell_inner --><\/div><!-- cell --><\/div><!-- port --><\/section>\n","protected":false},"excerpt":{"rendered":"","protected":false},"author":1,"featured_media":0,"parent":0,"menu_order":0,"comment_status":"closed","ping_status":"closed","template":"","meta":{"footnotes":""},"class_list":["post-354517","page","type-page","status-publish","hentry"],"_links":{"self":[{"href":"https:\/\/venman.gr\/fr\/wp-json\/wp\/v2\/pages\/354517","targetHints":{"allow":["GET"]}}],"collection":[{"href":"https:\/\/venman.gr\/fr\/wp-json\/wp\/v2\/pages"}],"about":[{"href":"https:\/\/venman.gr\/fr\/wp-json\/wp\/v2\/types\/page"}],"author":[{"embeddable":true,"href":"https:\/\/venman.gr\/fr\/wp-json\/wp\/v2\/users\/1"}],"replies":[{"embeddable":true,"href":"https:\/\/venman.gr\/fr\/wp-json\/wp\/v2\/comments?post=354517"}],"version-history":[{"count":4,"href":"https:\/\/venman.gr\/fr\/wp-json\/wp\/v2\/pages\/354517\/revisions"}],"predecessor-version":[{"id":355074,"href":"https:\/\/venman.gr\/fr\/wp-json\/wp\/v2\/pages\/354517\/revisions\/355074"}],"wp:attachment":[{"href":"https:\/\/venman.gr\/fr\/wp-json\/wp\/v2\/media?parent=354517"}],"curies":[{"name":"wp","href":"https:\/\/api.w.org\/{rel}","templated":true}]}}