{"id":354514,"date":"2023-05-18T16:03:10","date_gmt":"2023-05-18T13:03:10","guid":{"rendered":"https:\/\/venman.gr\/oroi-xrisis\/"},"modified":"2025-05-07T11:37:14","modified_gmt":"2025-05-07T08:37:14","slug":"oroi-xrisis","status":"publish","type":"page","link":"https:\/\/venman.gr\/fr\/oroi-xrisis\/","title":{"rendered":"CONDITIONS D&rsquo;UTILISATION"},"content":{"rendered":"<section id=\"bt_bb_section69d834af1dcc6\" class=\"bt_bb_section bt_bb_layout_boxed_1200\"  data-bt-override-class=\"null\"><div class=\"bt_bb_port\"><div class=\"bt_bb_cell\"><div class=\"bt_bb_cell_inner\"><div class=\"bt_bb_row \"  data-bt-override-class=\"{}\"><div class=\"bt_bb_row_holder\" ><div  class=\"bt_bb_column col-xxl-12 col-xl-12 col-xs-12 col-sm-12 col-md-12 col-lg-12 bt_bb_vertical_align_top bt_bb_align_left bt_bb_padding_normal\" style=\"; --column-width:12;\" data-width=\"12\" data-bt-override-class=\"{}\"><div class=\"bt_bb_column_content\"><div class=\"bt_bb_column_content_inner\"><div class=\"bt_bb_separator bt_bb_border_style_none bt_bb_border_color_none bt_bb_top_spacing_extra_large bt_bb_bottom_spacing_\" data-bt-override-class=\"{&quot;bt_bb_top_spacing_&quot;:{&quot;current_class&quot;:&quot;bt_bb_top_spacing_extra_large&quot;,&quot;def&quot;:&quot;extra_large&quot;,&quot;xl&quot;:&quot;extra_large&quot;},&quot;bt_bb_bottom_spacing_&quot;:{&quot;current_class&quot;:&quot;bt_bb_bottom_spacing_&quot;,&quot;def&quot;:&quot;&quot;,&quot;xl&quot;:&quot;&quot;}}\"><\/div><\/div><\/div><\/div><\/div><\/div><\/div><!-- cell_inner --><\/div><!-- cell --><\/div><!-- port --><\/section><section id=\"bt_bb_section69d834af1e237\" class=\"bt_bb_section bt_bb_layout_boxed_1200\"  data-bt-override-class=\"null\"><div class=\"bt_bb_port\"><div class=\"bt_bb_cell\"><div class=\"bt_bb_cell_inner\"><div class=\"bt_bb_row \"  data-bt-override-class=\"{}\"><div class=\"bt_bb_row_holder\" ><div  class=\"bt_bb_column col-xxl-12 col-xl-12 col-xs-12 col-sm-12 col-md-12 col-lg-12 bt_bb_vertical_align_top bt_bb_align_left bt_bb_padding_normal\" style=\"; --column-width:12;\" data-width=\"12\" data-bt-override-class=\"{}\"><div class=\"bt_bb_column_content\"><div class=\"bt_bb_column_content_inner\"><div  class=\"bt_bb_text\" ><h3 style=\"text-align: center\">\u00a0CONDITIONS D\u2019UTILISATION<\/h3>\n<p>L\u2019utilisation du contenu fourni par le site Web et des services fournis implique l\u2019acceptation inconditionnelle des pr\u00e9sentes Conditions g\u00e9n\u00e9rales.<\/p>\n<p>Le visiteur\/utilisateur du site Web accepte qu\u2019\u00e0 chaque visite\/utilisation de ce site Web, il appliquera et sera li\u00e9 par les Termes et conditions d\u2019utilisation tels que d\u00e9crits ci-dessous.<\/p>\n<p>En cas de d\u00e9saccord avec une ou plusieurs conditions d\u2019utilisation, le visiteur\/utilisateur doit \u00e9viter toute visite et\/ou utilisation du site.<\/p>\n<p><strong>Tout le contenu du site Web, les images, graphiques, photos, conceptions, textes, services et produits fournis y compris, sont la propri\u00e9t\u00e9 intellectuelle de la Soci\u00e9t\u00e9 VENMAN ABEE (ci-apr\u00e8s en abr\u00e9g\u00e9 VENMAN) et sont prot\u00e9g\u00e9s conform\u00e9ment aux dispositions pertinentes du droit grec, du droit europ\u00e9en et des conventions internationales.<\/strong><\/p>\n<p><strong>Tout le contenu du site Web a \u00e9t\u00e9 soumis \u00e0 un avocat qui a certifi\u00e9 la propri\u00e9t\u00e9 intellectuelle. Sont express\u00e9ment interdits la copie, distribution, le transfert, la modification, revente, cr\u00e9ation d\u2019\u0153uvres d\u00e9riv\u00e9es ou tromperie du public sur le fournisseur r\u00e9el du Contenu du site Web.<\/strong><\/p>\n<p><strong>La reproduction, republication, le t\u00e9l\u00e9chargement, l\u2019annonce, la diffusion ou transmission ou toute autre utilisation du Contenu de quelque mani\u00e8re que se soit ou sur tout support d\u2019information que ce soit \u00e0 des fins commerciales ou autres ne sont autoris\u00e9s qu\u2019avec l\u2019autorisation \u00e9crite pr\u00e9alable de la Soci\u00e9t\u00e9 ou de tout autre d\u00e9tenteur des droits d\u2019auteur.<\/strong><\/p>\n<p><strong><b>Les noms, images, logos et signes distinctifs repr\u00e9sentant la Soci\u00e9t\u00e9 ou des tiers et leurs produits ou services sont les marques de fabrique exclusives de la Soci\u00e9t\u00e9 ou des tiers prot\u00e9g\u00e9es par les lois correspondantes sur les marques de fabrique. Leur apparition sur le site ne doit en aucun cas \u00eatre comprise comme un transfert ou une cession d\u2019une licence ou d\u2019un droit d\u2019utilisation de celles-ci. <\/b><\/strong><\/p>\n<p><strong><b>Toute utilisation, reproduction, republication sont express\u00e9ment interdites \u2014 m\u00eame en citant la source avec un lien actif\u00a0; interdiction de copier, stocker, vendre, transmettre, distribuer, publier, ex\u00e9cuter, charger (t\u00e9l\u00e9charger), traduire, modifier de quelque mani\u00e8re que ce soit, partiellement ou en r\u00e9sum\u00e9, le contenu du site Web, sans l\u2019autorisation \u00e9crite de l\u2019\u00e9diteur. <\/b><\/strong><\/p>\n<p>Les pr\u00e9sentes Conditions de protection des donn\u00e9es \u00e0 caract\u00e8re personnel couvrent l\u2019ensemble des donn\u00e9es \u00e0 caract\u00e8re personnel des utilisateurs collect\u00e9es par VENMAN lors de la visite et de l\u2019utilisation des services et pages du site web <a href=\"https:\/\/venman.gr\/fr\/\">VENMAN.gr<\/a>.<\/p>\n<p>En outre, ces conditions couvrent les conditions de collecte, de traitement et de gestion des donn\u00e9es \u00e0 caract\u00e8re personnel des utilisateurs du site Web par toutes les soci\u00e9t\u00e9s associ\u00e9es. Des informations d\u00e9taill\u00e9es sur la politique de confidentialit\u00e9 de la soci\u00e9t\u00e9 VENMAN peuvent \u00eatre trouv\u00e9es <a href=\"https:\/\/venman.gr\/fr\/politiki-aporritou\/\">ici<\/a>. Les pr\u00e9sentes conditions ne couvrent en aucun cas les relations entre les utilisateurs du site et les services qui ne sont pas soumis au contr\u00f4le ou \u00e0 la propri\u00e9t\u00e9 du site.<\/p>\n<p>Compte tenu de la nature et du volume d\u2019information \u00e0 l\u2019Internet, en toutes circonstances, y compris en cas de n\u00e9gligence, la soci\u00e9t\u00e9 VENMAN n\u2019est pas responsable d\u2019aucune forme de dommage subi par le visiteur\/utilisateur des pages, services, options et contenus du site Web.<\/p>\n<p>En acc\u00e9dant au site, l\u2019utilisateur est pr\u00e9sum\u00e9 avoir lu les pr\u00e9sentes conditions, accept\u00e9 les pr\u00e9sentes conditions et renonc\u00e9 \u00e0 toute r\u00e9clamation pour tout dommage pouvant survenir lors de la navigation sur le site www.VENMAN.gr.<\/p>\n<p><strong>UTILISATION ET COLLECTE DES DONN\u00c9ES \u00c0 CARACT\u00c8RE PERSONNEL <\/strong><\/p>\n<p>Le site VENMAN.gr collecte des donn\u00e9es \u00e0 caract\u00e8re personnel lorsque l\u2019utilisateur remplit ses coordonn\u00e9es dans le formulaire de contact fourni sur le site Web. Lors de l\u2019inscription de l\u2019utilisateur sur le site VENMAN.gr les informations demand\u00e9es sont les suivantes : Nom et courriel (e-mail).<\/p>\n<p>Le site VENMAN.gr utilise les donn\u00e9es \u00e0 caract\u00e8re personnel des utilisateurs qui souhaitent communiquer davantage pour soutien informationnel, r\u00e9ponse aux demandes, r\u00e9solution de probl\u00e8mes et pour la communication sur tout ce qui concerne les services disponibles depuis et via le site VENMAN.gr, ainsi que pour obtention de l\u2019information sur les nouvelles offres de services. Des informations d\u00e9taill\u00e9es sur l\u2019utilisation et la collecte des donn\u00e9es \u00e0 caract\u00e8re personnel et la politique de confidentialit\u00e9 de la soci\u00e9t\u00e9 VENMAN peuvent \u00eatre trouv\u00e9es <a href=\"https:\/\/venman.gr\/fr\/politiki-aporritou\/\">ici<\/a>.<\/p>\n<p><strong>V\u00c9RIFIER\/CORRIGER\/SUPPRIMER LES DONN\u00c9ES \u00c0 CARACT\u00c8RE PERSONNEL <\/strong><\/p>\n<p>Lors de toute communication avec la soci\u00e9t\u00e9 VENMAN les utilisateurs, s\u2019ils le souhaitent, conservent le droit de supprimer leurs donn\u00e9es \u00e0 caract\u00e8re personnel, de les corriger ou de les mettre \u00e0 jour, \u00e0 tout moment, conservant ainsi un contr\u00f4le absolu de leurs donn\u00e9es \u00e0 caract\u00e8re personnel et leur utilisation. Des informations d\u00e9taill\u00e9es sur la politique de confidentialit\u00e9 de la soci\u00e9t\u00e9 VENMAN peuvent \u00eatre trouv\u00e9es <a href=\"https:\/\/venman.gr\/fr\/politiki-aporritou\/\">ici<\/a>.<\/p>\n<p><strong>DIVULGATION DES DONN\u00c9ES \u00c0 CARACT\u00c8RE PERSONNEL <\/strong><\/p>\n<p>Les informations personnelles collect\u00e9es aupr\u00e8s des utilisateurs sur le site Web de la soci\u00e9t\u00e9 VENMAN via le formulaire de contact sp\u00e9cial ne sont utilis\u00e9es que dans le but pour lequel les utilisateurs les ont fournies. Elles ne sont ni divulgu\u00e9es, ni vendues, ni c\u00e9d\u00e9es \u00e0 des tiers pour quelque usage que ce soit, sans l\u2019accord pr\u00e9alable des utilisateurs.<\/p>\n<p>Le site VENMAN.gr ne peut transf\u00e9rer les donn\u00e9es \u00e0 caract\u00e8re personnel de ses utilisateurs \u00e0 des tiers personnes morales ou physiques que dans les cas suivants\u00a0: Il a le consentement expr\u00e8s des utilisateurs pour le transfert de donn\u00e9es \u00e0 caract\u00e8re personnel. La transmission des donn\u00e9es \u00e0 caract\u00e8re personnel aux personnes morales ou physiques qui coop\u00e8rent avec la soci\u00e9t\u00e9 VENMAN devient n\u00e9cessaire pour l\u2019ex\u00e9cution des commandes des utilisateurs ou prestation des services.<\/p>\n<p>Les personnes morales et physiques qui coop\u00e8rent avec la soci\u00e9t\u00e9 VENMAN ont le droit de traiter les donn\u00e9es \u00e0 caract\u00e8re personnel fournies aux personnes par les utilisateurs du site VENMAN.gr que dans la mesure o\u00f9 un soutien \u00e0 la soci\u00e9t\u00e9 VENMAN est absolument n\u00e9cessaire.<\/p>\n<p>La soci\u00e9t\u00e9 VENMAN s\u2019engage \u00e0 toujours agir dans le respect des d\u00e9finitions de la loi et des mandats des autorit\u00e9s comp\u00e9tentes et suit la lettre sur le R\u00e8glement 2016\/679 du Parlement Europ\u00e9en et du Conseil du 27 avril 2016 relatif \u00e0 la protection des personnes physiques \u00e0 l\u2019\u00e9gard du traitement des donn\u00e9es \u00e0 caract\u00e8re personnel et \u00e0 la libre circulation de ces donn\u00e9es et abrogeant la directive 95\/46\/CE (R\u00e8glement g\u00e9n\u00e9ral sur la protection des donn\u00e9es).<a href=\"https:\/\/eur-lex.europa.eu\/legal-content\/EL\/TXT\/PDF\/?uri=CELEX:32016R0679&amp;from=EN\">\u00a0La soci\u00e9t\u00e9 VENMAN suit tout ce qui est d\u00e9fini et publi\u00e9 au Journal officiel de l\u2019Union europ\u00e9enne dat\u00e9 du 04\/05\/2016<\/a>. Vous trouverez des informations d\u00e9taill\u00e9es sur la politique de confidentialit\u00e9 de la soci\u00e9t\u00e9 VENMAN <a href=\"https:\/\/venman.gr\/fr\/politiki-aporritou\/\">ici<\/a>.<\/p>\n<p><strong>LIENS VERS D\u2019AUTRES SITES WEB<\/strong><\/p>\n<p>Le site VENMAN.gr inclut des liens vers d\u2019autres sites Web qui ne sont en aucun cas contr\u00f4l\u00e9s par le site VENMAN.gr mais par des tiers (personnes physiques ou morales). Le site VENMAN.gr n\u2019est en aucun cas responsable des Conditions de protection des donn\u00e9es \u00e0 caract\u00e8re personnel des visiteurs\/utilisateurs en vigueur sur des sites de ces personnes physiques ou morales.<\/p>\n<p>De m\u00eame, la soci\u00e9t\u00e9 VENMAN n\u2019approuve pas les produits ou services offerts sur les sites auxquels vous acc\u00e9dez via ce site. Vous trouverez des informations d\u00e9taill\u00e9es sur la politique de confidentialit\u00e9 de la soci\u00e9t\u00e9 VENMAN <a href=\"https:\/\/venman.gr\/fr\/politiki-aporritou\/\">ici<\/a>.<\/p>\n<p><strong>COOKIES<\/strong><\/p>\n<p>Le site VENMAN.gr peut utiliser des cookies pour identifier l\u2019utilisateur afin d\u2019am\u00e9liorer ses services.<\/p>\n<p>Les cookies ne sont utilis\u00e9s que pour faciliter l\u2019acc\u00e8s de l\u2019utilisateur aux services sp\u00e9cifiques sur le site VENMAN.gr et pour des raisons statistiques afin de d\u00e9terminer les domaines dans lesquels ses services sont utiles ou populaires ou \u00e0 des fins de marketing.<\/p>\n<p>L\u2019utilisateur du site VENMAN.gr peut configurer son serveur (navigateur) de mani\u00e8re \u00e0 ce qu\u2019il l\u2019avertisse de l\u2019utilisation de cookies dans des services sp\u00e9cifiques, ou ne permette en aucun cas l\u2019acceptation de l\u2019utilisation de cookies.<\/p>\n<p>Dans le cas o\u00f9 l\u2019utilisateur des services et pages sp\u00e9cifiques ne souhaite pas utiliser de cookies pour son identification, il ne peut plus acc\u00e9der \u00e0 ces services. Vous trouverez des informations d\u00e9taill\u00e9es sur les cookies et la politique de VENMAN en mati\u00e8re de cookies <a href=\"https:\/\/venman.gr\/fr\/politiki-cookie\/\">ici<\/a>.<\/p>\n<p><strong>Droit applicable<\/strong><\/p>\n<p>La gestion et la protection des donn\u00e9es \u00e0 caract\u00e8re personnel de l\u2019utilisateur des services sur le site VENMAN.gr sont soumis aux termes de la pr\u00e9sente section ainsi qu\u2019aux dispositions pertinentes de la l\u00e9gislation europ\u00e9enne et grecque [R\u00e8glement 2016\/679 du Parlement europ\u00e9en et du Conseil du 27 avril 2016 relatif \u00e0 la protection des personnes physiques \u00e0 l\u2019\u00e9gard du traitement des donn\u00e9es \u00e0 caract\u00e8re personnel et \u00e0 la libre circulation de ces donn\u00e9es et abrogeant la directive 95\/46\/CE (R\u00e8glement g\u00e9n\u00e9ral sur la protection des donn\u00e9es)]. <a href=\"https:\/\/eur-lex.europa.eu\/legal-content\/EL\/TXT\/PDF\/?uri=CELEX:32016R0679&amp;from=EN\">La soci\u00e9t\u00e9 VENMAN suit tout ce qui est d\u00e9fini et publi\u00e9 au Journal officiel de l\u2019Union europ\u00e9enne dat\u00e9 du 04\/05\/2016<\/a>.<\/p>\n<p>Les pr\u00e9sentes conditions sont formul\u00e9es en tenant compte \u00e0 la fois du d\u00e9veloppement rapide de la technologie et en particulier d\u2019Internet et du dossier existant \u2014 bien que pas compl\u00e8tement d\u00e9velopp\u00e9 \u2014 de r\u00e9glementations juridiques concernant ces questions. Dans ce contexte, toute modification de la r\u00e9glementation pertinente fera l\u2019objet de cette section.<\/p>\n<p>Dans tous les cas, le site VENMAN.gr se r\u00e9serve le droit de modifier <a href=\"https:\/\/venman.gr\/fr\/politiki-aporritou\/\">les conditions de protection des donn\u00e9es \u00e0 caract\u00e8re<\/a> personnel apr\u00e8s en avoir inform\u00e9 les utilisateurs et dans le cadre l\u00e9gal existant ou prochain. Si un utilisateur n\u2019est pas d\u2019accord avec les conditions de protection des donn\u00e9es \u00e0 caract\u00e8re personnel <a href=\"https:\/\/venman.gr\/fr\/politiki-aporritou\/\">en vigueur<\/a>, il ne doit pas utiliser les services du site VENMAN.gr<\/p>\n<p><b>ACCORD <\/b><\/p>\n<p>Ce site Web appartient \u00e0 la soci\u00e9t\u00e9 VENMAN ABEE, a \u00e9t\u00e9 mis en service par elle, et il a \u00e9t\u00e9 mis \u00e0 votre disposition \u00e0 titre informatif. L\u2019utilisation du site Web VENMAN.gr signifie l\u2019acceptation des Conditions d\u2019utilisation et de la Politique de confidentialit\u00e9. Si vous n\u2019\u00eates pas d\u2019accord avec les Conditions d\u2019utilisation et la Politique de confidentialit\u00e9, vous ne pouvez pas utiliser ce site.<\/p>\n<p><b>CONDITIONS D\u2019UTILISATION<\/b><\/p>\n<p>Sous r\u00e9serve d\u2019autres dispositions, ce site a \u00e9t\u00e9 d\u00e9velopp\u00e9 pour votre usage personnel et non commercial. La modification, copie, distribution, le transfert, affichage, ex\u00e9cution, reproduction, publication, cession sous licence, cr\u00e9ation des \u0153uvres d\u00e9riv\u00e9es, transfert ou vente des donn\u00e9es, logiciels, produits ou services obtenus \u00e0 partir du site sont interdits.<\/p>\n<p>Vous pouvez afficher et copier \u00e9lectroniquement, t\u00e9l\u00e9charger et imprimer des parties du mat\u00e9riel \u2013 contenu du site pour votre propre usage non commercial, \u00e0 condition qu\u2019aucun droit d\u2019auteur ne soit enfreint et qu\u2019il ne s\u2019agisse pas de marques de fabrique modifi\u00e9es, alt\u00e9r\u00e9es ou supprim\u00e9es ou d\u2019autres indications du titulaire du droit d\u2019auteur.<\/p>\n<p>Toute autre utilisation du mat\u00e9riel sur ce site, y compris, sans limitation, la modification, la reproduction, la distribution, la republication, l\u2019affichage ou la transmission du contenu de ce site, sans l\u2019autorisation \u00e9crite pr\u00e9alable des soci\u00e9t\u00e9s susmentionn\u00e9es est interdite.<\/p>\n<p>Tout \u00e9l\u00e9ment de mat\u00e9riel que vous \u00ab\u00a0t\u00e9l\u00e9chargez \u00e0 partir du site\u00a0\u00bb, y compris, sans limitation, les logiciels, fichiers, graphiques, donn\u00e9es ou autres contenus, appartient \u00e0 la soci\u00e9t\u00e9 VENMAN ABEE ou aux organismes accordant cette licence. Lorsque vous t\u00e9l\u00e9chargez, ce mat\u00e9riel vous est fourni par la soci\u00e9t\u00e9 VENMAN sous une licence r\u00e9vocable.<\/p>\n<p>La soci\u00e9t\u00e9 VENMAN conserve la propri\u00e9t\u00e9 pleine et enti\u00e8re du Logiciel et de tous les droits de propri\u00e9t\u00e9 intellectuelle connexes. Vous ne pouvez pas redistribuer ou vendre le mat\u00e9riel, ni le r\u00e9troconcevoir, le d\u00e9sassembler ou le convertir sous une autre forme utilisable par l\u2019homme.<\/p>\n<p><b>TRANSFERT DU MAT\u00c9RIEL<\/b><\/p>\n<p>\u00c0 l\u2019exception des donn\u00e9es \u00e0 caract\u00e8re personnel que nous pouvons collecter aupr\u00e8s de vous conform\u00e9ment <a href=\"https:\/\/venman.gr\/fr\/politiki-aporritou\/\">\u00e0 notre Politique de confidentialit\u00e9<\/a> et aux dispositions pertinentes en mati\u00e8re de protection des donn\u00e9es \u00e0 caract\u00e8re personnel, tous les commentaires, suggestions, id\u00e9es, graphiques ou autres informations que vous communiquez \u00e0 la soci\u00e9t\u00e9 VENMAN via ce site deviennent sa propri\u00e9t\u00e9, m\u00eame si le pr\u00e9sent accord est r\u00e9sili\u00e9 ult\u00e9rieurement.<\/p>\n<p>La soci\u00e9t\u00e9 VENMAN et ses d\u00e9l\u00e9gu\u00e9s seront libres de copier, divulguer, distribuer, incorporer et utiliser autrement le mat\u00e9riel que vous soumettez \u00e0 toutes fins commerciales ou non commerciales, sans aucune obligation de vous indemniser ou d\u2019indemniser d\u2019autres personnes pour le mat\u00e9riel.<\/p>\n<p><strong><b>RENONCIATION \u00c0 LA R\u00c9CLAMATION<\/b><\/strong><\/p>\n<p>La soci\u00e9t\u00e9 VENMAN ne donne aucune garantie ou promesse quant \u00e0 l\u2019exactitude ou \u00e0 l\u2019exhaustivit\u00e9 du contenu de ce site. Ce site et les mat\u00e9riaux, \u00e9l\u00e9ments et services qu\u2019il contient, y compris, sans limitation, le texte, les graphiques et les liens, sont fournis \u00ab tels quels \u00bb et sans garantie d\u2019aucune sorte, expresse ou implicite, dans toute la mesure permise par la loi applicable.<\/p>\n<p>La soci\u00e9t\u00e9 VENMAN n\u2019accepte aucune responsabilit\u00e9 correspondant \u00e0 toute garantie, expresse ou implicite, y compris, sans limitation, les garanties implicites de qualit\u00e9 marchande et d\u2019ad\u00e9quation \u00e0 un usage particulier, de non-contrefa\u00e7on, d\u2019absence de virus informatiques et les garanties de qualit\u00e9 marchande ou de performance, la soci\u00e9t\u00e9 VENMAN ne promet et ne garantit pas que les fonctions de ce site seront ininterrompues ou sans erreur, que les d\u00e9fauts de ce site seront corrig\u00e9s, ou que le serveur qui rend le site disponible est exempt de virus ou d\u2019autres composants nuisibles<\/p>\n<p>La soci\u00e9t\u00e9 VENMAN ne fait aucune promesse ou garantie concernant l\u2019utilisation du mat\u00e9riel sur ce site en termes d\u2019exhaustivit\u00e9, de justesse, d\u2019exactitude, de pertinence, d\u2019utilit\u00e9, d\u2019actualit\u00e9, de fiabilit\u00e9 ou autre. De plus, vous (et non la soci\u00e9t\u00e9 VENMAN) assumez l\u2019int\u00e9gralit\u00e9 du co\u00fbt de tous les services, r\u00e9parations ou corrections n\u00e9cessaires.<\/p>\n<p><strong><b>LIMITATION DE RESPONSABILIT\u00c9<\/b><\/strong><\/p>\n<p>La soci\u00e9t\u00e9 VENMAN ne pourra en aucun cas \u00eatre tenu responsable des dommages directs, indirects, sp\u00e9ciaux, exemplaires, extraordinaires, exemplaires ou cons\u00e9cutifs, ou de tout autre dommage, m\u00eame si la soci\u00e9t\u00e9 VENMAN a d\u00e9j\u00e0 \u00e9t\u00e9 inform\u00e9 de la possibilit\u00e9 de tels dommages, ou d\u2019une action pour rupture de l\u2019accord, de n\u00e9gligence ou autre responsabilit\u00e9 d\u00e9coulant de ou li\u00e9e \u00e0 l\u2019utilisation, l\u2019incapacit\u00e9 d\u2019utiliser ou la performance des informations, services, produits et documents disponibles sur ce site.<\/p>\n<p>Ces limitations s\u2019appliqueront nonobstant toute inefficacit\u00e9 des recours limit\u00e9s pour atteindre leur objectif, quelle que soit l\u2019issue de tout litige en cours. \u00c9tant donn\u00e9 que certaines juridictions n\u2019autorisent pas les limitations sur la dur\u00e9e d\u2019une garantie implicite, ou l\u2019exclusion ou la limitation de responsabilit\u00e9 pour les dommages annexes ou sp\u00e9ciaux, les limitations ci-dessus peuvent ne pas s\u2019appliquer \u00e0 vous<\/p>\n<p><b>CONVENTION D\u2019INDEMNISATION <\/b><\/p>\n<p>Vous acceptez d\u2019indemniser, de d\u00e9fendre et de d\u00e9gager de toute responsabilit\u00e9 la soci\u00e9t\u00e9 VENMAN, ses dirigeants, administrateurs, employ\u00e9s, agents, conc\u00e9dants de licence et fournisseurs de et contre tous dommages, co\u00fbts, indemnit\u00e9s et co\u00fbts, y compris les honoraires d\u2019avocat raisonnables ainsi que les frais juridiques connexes, d\u00e9coulant de votre violation de ces termes et conditions ou de toute activit\u00e9 li\u00e9e \u00e0 votre compte Internet (y compris, sans limitation, une conduite n\u00e9gligente ou ill\u00e9gale) par vous ou un tiers qui a acc\u00e8s au Site en utilisant votre propre compte Internet.<\/p>\n<p><strong><b>MODIFICATIONS <\/b><\/strong><\/p>\n<p>En fournissant du mat\u00e9riel sur ce site, la soci\u00e9t\u00e9 VENMAN ne fait aucune promesse que le mat\u00e9riel restera \u00e0 votre disposition. La soci\u00e9t\u00e9 VENMAN se r\u00e9serve le droit d\u2019interrompre tout ou partie de ce site \u00e0 tout moment sans pr\u00e9avis.<\/p>\n<p>Elle se r\u00e9serve \u00e9galement le droit de modifier les termes, conditions et avis en vertu desquels ce site est propos\u00e9, et votre utilisation du site apr\u00e8s de tels changements sera r\u00e9put\u00e9e constituer votre acceptation de ces Conditions d\u2019utilisation modifi\u00e9es<\/p>\n<p>Vous acceptez de consulter r\u00e9guli\u00e8rement ces Conditions d\u2019utilisation pour d\u00e9terminer si elles ont \u00e9t\u00e9 modifi\u00e9es. Toute modification des conditions d\u2019utilisation sera publi\u00e9e sur notre site Web \u00e0 l\u2019adresse <a href=\"https:\/\/venman.gr\/fr\/oroi-xrisis\/\">https:\/\/venman.gr\/fr\/oroi-xrisis<\/a>.<\/p>\n<p>Si une disposition du pr\u00e9sent accord est ill\u00e9gale, nulle ou inapplicable, les autres dispositions de l\u2019accord resteront en vigueur. Le pr\u00e9sent texte constitue l\u2019int\u00e9gralit\u00e9 de l\u2019accord entre vous et la soci\u00e9t\u00e9 VENMAN concernant tous les aspects de votre utilisation de ce site. Tous droits r\u00e9serv\u00e9s.<\/p>\n<\/div><\/div><\/div><\/div><\/div><\/div><\/div><!-- cell_inner --><\/div><!-- cell --><\/div><!-- port --><\/section>\n","protected":false},"excerpt":{"rendered":"","protected":false},"author":1,"featured_media":0,"parent":0,"menu_order":0,"comment_status":"closed","ping_status":"closed","template":"","meta":{"footnotes":""},"class_list":["post-354514","page","type-page","status-publish","hentry"],"_links":{"self":[{"href":"https:\/\/venman.gr\/fr\/wp-json\/wp\/v2\/pages\/354514","targetHints":{"allow":["GET"]}}],"collection":[{"href":"https:\/\/venman.gr\/fr\/wp-json\/wp\/v2\/pages"}],"about":[{"href":"https:\/\/venman.gr\/fr\/wp-json\/wp\/v2\/types\/page"}],"author":[{"embeddable":true,"href":"https:\/\/venman.gr\/fr\/wp-json\/wp\/v2\/users\/1"}],"replies":[{"embeddable":true,"href":"https:\/\/venman.gr\/fr\/wp-json\/wp\/v2\/comments?post=354514"}],"version-history":[{"count":10,"href":"https:\/\/venman.gr\/fr\/wp-json\/wp\/v2\/pages\/354514\/revisions"}],"predecessor-version":[{"id":355083,"href":"https:\/\/venman.gr\/fr\/wp-json\/wp\/v2\/pages\/354514\/revisions\/355083"}],"wp:attachment":[{"href":"https:\/\/venman.gr\/fr\/wp-json\/wp\/v2\/media?parent=354514"}],"curies":[{"name":"wp","href":"https:\/\/api.w.org\/{rel}","templated":true}]}}