{"id":354823,"date":"2023-05-18T15:54:24","date_gmt":"2023-05-18T12:54:24","guid":{"rendered":"https:\/\/venman.gr\/politiki-aporritou\/"},"modified":"2025-05-05T11:18:41","modified_gmt":"2025-05-05T08:18:41","slug":"politiki-aporritou","status":"publish","type":"page","link":"https:\/\/venman.gr\/es\/politiki-aporritou\/","title":{"rendered":"POL\u00cdTICA DE SEGURIDAD EN GESTI\u00d3N DE DATOS PERSONALES"},"content":{"rendered":"<section id=\"bt_bb_section69e064f180947\" class=\"bt_bb_section bt_bb_layout_boxed_1200\"  data-bt-override-class=\"null\"><div class=\"bt_bb_port\"><div class=\"bt_bb_cell\"><div class=\"bt_bb_cell_inner\"><div class=\"bt_bb_row \"  data-bt-override-class=\"{}\"><div class=\"bt_bb_row_holder\" ><div  class=\"bt_bb_column col-xxl-12 col-xl-12 col-xs-12 col-sm-12 col-md-12 col-lg-12 bt_bb_vertical_align_top bt_bb_align_left bt_bb_padding_normal\" style=\"; --column-width:12;\" data-width=\"12\" data-bt-override-class=\"{}\"><div class=\"bt_bb_column_content\"><div class=\"bt_bb_column_content_inner\"><div class=\"bt_bb_separator bt_bb_border_style_none bt_bb_border_color_none bt_bb_top_spacing_large bt_bb_bottom_spacing_\" data-bt-override-class=\"{&quot;bt_bb_top_spacing_&quot;:{&quot;current_class&quot;:&quot;bt_bb_top_spacing_large&quot;,&quot;def&quot;:&quot;large&quot;,&quot;xl&quot;:&quot;large&quot;},&quot;bt_bb_bottom_spacing_&quot;:{&quot;current_class&quot;:&quot;bt_bb_bottom_spacing_&quot;,&quot;def&quot;:&quot;&quot;,&quot;xl&quot;:&quot;&quot;}}\"><\/div><\/div><\/div><\/div><\/div><\/div><\/div><!-- cell_inner --><\/div><!-- cell --><\/div><!-- port --><\/section><section id=\"bt_bb_section69e064f180e78\" class=\"bt_bb_section bt_bb_layout_boxed_1200\"  data-bt-override-class=\"null\"><div class=\"bt_bb_port\"><div class=\"bt_bb_cell\"><div class=\"bt_bb_cell_inner\"><div class=\"bt_bb_row \"  data-bt-override-class=\"{}\"><div class=\"bt_bb_row_holder\" ><div  class=\"bt_bb_column col-xxl-12 col-xl-12 col-xs-12 col-sm-12 col-md-12 col-lg-12 bt_bb_vertical_align_top bt_bb_align_left bt_bb_padding_normal\" style=\"; --column-width:12;\" data-width=\"12\" data-bt-override-class=\"{}\"><div class=\"bt_bb_column_content\"><div class=\"bt_bb_column_content_inner\"><div  class=\"bt_bb_text\" ><h3 align=\"center\" data-wahfont=\"20\">\u00a0<\/h3>\n<h3 align=\"center\" data-wahfont=\"20\">\u00a0<\/h3>\n<h3 align=\"center\" data-wahfont=\"20\">\u00a0<\/h3>\n<h3 align=\"center\" data-wahfont=\"20\">\u00a0<\/h3>\n<h3 class=\"western\" align=\"center\" data-wahfont=\"20\"><b>POL\u00cdTICA DE SEGURIDAD EN GESTI\u00d3N DE DATOS PERSONALES<\/b><\/h3>\n<p data-wahfont=\"14\">\u00a0<\/p>\n<p class=\"western\" data-wahfont=\"14\">\u0397\u0397 VENMAN ABEE, con sede en el kil\u00f3metro 11\u03bf de Old Thessaloniki-Kilkis National Road, es responsable del procesamiento de datos personales en el contexto de las relaciones contractuales y transaccionales que crea para lograr sus prop\u00f3sitos corporativos.<br \/>Ante el mantenimiento inalterado de un alto nivel de protecci\u00f3n durante el tratamiento de datos personales y facilitaci\u00f3n del ejercicio efectivo de los derechos y libertades reconocidos por el Reglamento 2016\/679, la empresa codifica la pol\u00edtica de seguridad aplicada, para que sea inmediatamente accesible a los interesados<\/p>\n<p class=\"western\" align=\"center\" data-wahfont=\"14\"><strong>Principios reguladores del procesamiento de datos<\/strong><\/p>\n<p class=\"western\" data-wahfont=\"14\">1. Recogida y tratamiento de datos personales por parte de la empresa<\/p>\n<p class=\"western\" data-wahfont=\"14\">a) se lleva a cabo con apego a la legalidad, objetividad y transparencia,,<\/p>\n<p class=\"western\" data-wahfont=\"14\">b) se realiza con fines determinados y legales, mientras que los datos no se procesan m\u00e1s, excepto cuando esto es absolutamente leg\u00edtimo,<\/p>\n<p class=\"western\" data-wahfont=\"14\">c) se lleve a cabo con estricto apego a los principios de proporcionalidad y minimizaci\u00f3n (minimizaci\u00f3n de datos), de modo que nunca se exceda la medida que sea absolutamente necesaria para atender a los fines expresos, l\u00edcitos y leg\u00edtimos perseguidos por el tratamiento,<\/p>\n<p class=\"western\" data-wahfont=\"14\">d)se lleva a cabo con constante cuidado para garantizar la exactitud de los datos, as\u00ed como su actualizaci\u00f3n, mientras se toman todas las medidas necesarias para eliminar o corregir de inmediato aquellos datos que sean inexactos, en relaci\u00f3n con los fines del procesamiento, y<\/p>\n<p class=\"western\" data-wahfont=\"14\">e) se logra de forma que se garantice la adecuada seguridad de los datos personales basada en los principios de integridad y confidencialidad.<\/p>\n<p class=\"western\" data-wahfont=\"14\">2. Para lograr los principios anteriores, la empresa utiliza las t\u00e9cnicas adecuadas<\/p>\n<p class=\"western\" data-wahfont=\"14\">de medidas organizativas para proteger la informaci\u00f3n personal que recopila y procesa, independientemente de si est\u00e1 incorporada en un archivo f\u00edsico o electr\u00f3nico. Las medidas que utiliza est\u00e1n dise\u00f1adas para proporcionar un nivel de seguridad adecuado al riesgo del tratamiento de datos personales<\/p>\n<p class=\"western\" align=\"center\" data-wahfont=\"14\"><strong>Recogida y tratamiento de datos personales<\/strong><\/p>\n<p class=\"western\" data-wahfont=\"14\">1. La empresa trata datos personales que le han sido remitidos o le ser\u00e1n remitidos y que son necesarios para el inicio, mantenimiento y ejecuci\u00f3n de relaciones comerciales y contractuales existentes o futuras. La responsabilidad por la integridad, exactitud y actualizaci\u00f3n de los datos, cuando sea necesaria, recae exclusivamente en el sujeto al que se refieren los datos. En cualquier caso, la empresa se reserva el derecho a solicitar la actualizaci\u00f3n de los datos en su poder, especialmente cuando as\u00ed se estime necesario para la buena continuaci\u00f3n de las relaciones comerciales, as\u00ed como para el cumplimiento de las obligaciones derivadas de la Ley.<\/p>\n<p class=\"western\" data-wahfont=\"14\">2. La empresa tambi\u00e9n procesa datos personales que recibe o que llegan a su conocimiento de una tercera persona f\u00edsica o jur\u00eddica u organismo p\u00fablico y que son necesarios para lograr sus intereses legales o los de un tercero, o para cumplir con obligaciones de inter\u00e9s p\u00fablico (por ejemplo, autoridades fiscales y organismos de seguridad social).<\/p>\n<p class=\"western\" data-wahfont=\"14\">3. La empresa tambi\u00e9n puede procesar datos que recopila de fuentes de acceso p\u00fablico de terceros (por ejemplo, registros hipotecarios\/catastro, registros mercantiles, Internet) siempre que estos datos sean necesarios para los fines del procesamiento y para la satisfacci\u00f3n de sus intereses y reclamos leg\u00edtimos.<\/p>\n<p class=\"western\" data-wahfont=\"14\">4. La empresa no procesa datos personales, como datos relacionados con el origen racial o \u00e9tnico, opiniones pol\u00edticas, creencias religiosas o filos\u00f3ficas o membres\u00eda en sindicato, datos gen\u00e9ticos o biom\u00e9tricos con el prop\u00f3sito de identificarse como sujeto del procesamiento, as\u00ed como datos de salud o datos relacionados con la vida sexual o la orientaci\u00f3n sexual, a menos que: a) el consentimiento del interesado haya sido otorgado expresamente para un prop\u00f3sito espec\u00edfico, b) estos datos hayan sido revelados a la empresa por el sujeto o una tercera persona f\u00edsica o jur\u00eddica en el contexto de documentar y salvaguardar sus intereses leg\u00edtimos y\/o los de la empresa como controlador de datos (informaci\u00f3n sobre la posici\u00f3n del sujeto en la asistencia jur\u00eddica gratuita), c) los datos han sido hechos p\u00fablicos por el interesado, d) el procesamiento es necesario por razones de inter\u00e9s p\u00fablico sustancial (investigaci\u00f3n de un acto perseguido penalmente). Se hace constar que la empresa ha adoptado en todo caso todas las medidas t\u00e9cnicas y organizativas necesarias para la custodia y el tratamiento seguro de datos personales pertenecientes a las categor\u00edas especiales mencionadas anteriormente.<\/p>\n<p class=\"western\" data-wahfont=\"14\">5. La empresa no recaba ni trata datos personales de menores de edad, salvo que se haya prestado previamente el consentimiento de los padres o tutores.<\/p>\n<p class=\"western\" align=\"center\" data-wahfont=\"14\"><strong>Legalidad de procesamiento de datos personales<\/strong><\/p>\n<p class=\"western\" data-wahfont=\"14\">La empresa procesa legalmente datos personales si el procesamiento:<\/p>\n<p class=\"western\" data-wahfont=\"14\">a) Sea necesario para el servicio, soporte y seguimiento de sus relaciones comerciales en general y la correcta ejecuci\u00f3n de los contratos que haya celebrado.<\/p>\n<p class=\"western\" data-wahfont=\"14\">b) Sea necesario para el cumplimiento por parte de la empresa de su obligaci\u00f3n legal o para la consecuci\u00f3n de sus intereses y reclamaciones legales.<\/p>\n<p class=\"western\" data-wahfont=\"14\">c) Sea necesario para el cumplimiento de su deber que se realiza al servicio del inter\u00e9s p\u00fablico en el marco legislativo y reglamentario aplicable.<\/p>\n<p class=\"western\" data-wahfont=\"14\">d) Se base en el consentimiento previo y expreso del interesado de los datos personales.<\/p>\n<p class=\"western\" align=\"center\" data-wahfont=\"14\"><strong>Retirada de consentimiento<\/strong><\/p>\n<p class=\"western\" data-wahfont=\"14\">Cuando el consentimiento previo del interesado sea condici\u00f3n necesaria para la admisibilidad del tratamiento, cualquier revocaci\u00f3n del mismo no afectar\u00e1 a la licitud del tratamiento basado en el mismo, hasta que no se notifique la revocaci\u00f3n a la empresa. La notificaci\u00f3n es solo v\u00e1lida, si la revocaci\u00f3n fue hecha por escrito a la empresa.<\/p>\n<p class=\"western\" align=\"center\" data-wahfont=\"14\"><strong>Finalidades del tratamiento de datos personales<\/strong><\/p>\n<p class=\"western\" data-wahfont=\"14\">El procesamiento de datos personales concierne:<\/p>\n<p class=\"western\" data-wahfont=\"14\">a) el servicio, apoyo y seguimiento de las relaciones comerciales con la empresa, la correcta ejecuci\u00f3n de los contratos existentes o futuros,<\/p>\n<p class=\"western\" data-wahfont=\"14\">b) el cumplimiento de las obligaciones de la empresa como responsable o realizador del tratamiento,<\/p>\n<p class=\"western\" data-wahfont=\"14\">c) el ejercicio de derechos legales y contractuales de la empresa,<\/p>\n<p class=\"western\" data-wahfont=\"14\">d) realizaci\u00f3n de los controles previstos en el marco legislativo vigente,<\/p>\n<p class=\"western\" data-wahfont=\"14\">e) registro, grabaci\u00f3n y archivo de todo tipo de informaci\u00f3n que haya sido recabada legalmente por la empresa,<\/p>\n<p class=\"western\" data-wahfont=\"14\">f) actualizaci\u00f3n de los productos y servicios prestados por la empresa y publicidad y promoci\u00f3n de los productos y servicios de la empresa y de las empresas que cooperan con el Banco, previo consentimiento del sujeto de los datos personales,<\/p>\n<p class=\"western\" data-wahfont=\"14\">g) satisfacci\u00f3n de todo tipo de solicitudes dirigidas a la empresa o el examen de reclamaciones relativas a productos y servicios ofrecidos por la empresa,<\/p>\n<p class=\"western\" data-wahfont=\"14\">h) cumplimiento de las obligaciones legales de la empresa derivadas del marco legislativo vigente,<\/p>\n<p class=\"western\" data-wahfont=\"14\">i) defensa de los intereses jur\u00eddicos de la empresa, que se relacionan indicativamente con: 1) afirmaci\u00f3n de sus reclamaciones legales ante las autoridades judiciales competentes u otros \u00f3rganos extrajudiciales\/alternativos de resoluci\u00f3n de conflictos, 2) prevenci\u00f3n del fraude y otros actos perseguidos penalmente, 3) evaluaci\u00f3n y optimizaci\u00f3n de los procedimientos de seguridad y sistemas de informaci\u00f3n, 4) seguridad f\u00edsica y protecci\u00f3n de personas y bienes (por ejemplo, videovigilancia).<\/p>\n<p class=\"western\" align=\"center\" data-wahfont=\"14\"><strong>M\u00e9todo de procesamiento de datos<\/strong><\/p>\n<p class=\"western\" data-wahfont=\"14\">La empresa se compromete a que la recogida y tratamiento de los datos personales se realice en absoluto cumplimiento de la ley. En particular, el procesamiento es legal solo si se aplica al menos una de las siguientes condiciones:<\/p>\n<p class=\"western\" data-wahfont=\"14\">a) el interesado haya consentido el tratamiento de sus datos personales para uno o varios fines espec\u00edficos,<\/p>\n<p class=\"western\" data-wahfont=\"14\">b) el tratamiento es necesario para la ejecuci\u00f3n de un contrato en el que el interesado es parte o para tomar medidas a petici\u00f3n del interesado antes de la celebraci\u00f3n de un contrato,<\/p>\n<p class=\"western\" data-wahfont=\"14\">c) el tratamiento es necesario para cumplir con una obligaci\u00f3n legal de la empresa,<\/p>\n<p class=\"western\" data-wahfont=\"14\">d) el tratamiento es necesario para salvaguardar un inter\u00e9s vital del interesado u otra persona f\u00edsica,<\/p>\n<p class=\"western\" data-wahfont=\"14\">e) el procesamiento es necesario para el cumplimiento de una tarea realizada en inter\u00e9s p\u00fablico,<\/p>\n<p class=\"western\" data-wahfont=\"14\">f) el tratamiento es necesario para fines de intereses leg\u00edtimos perseguidos por la empresa.<\/p>\n<p class=\"western\" align=\"center\" data-wahfont=\"14\"><strong>Uso de c\u00e1maras de seguridad<\/strong><\/p>\n<p class=\"western\" data-wahfont=\"14\">1. Con el fin de proteger la vida e integridad f\u00edsica del personal, as\u00ed como la seguridad de las instalaciones, la empresa utiliza medios t\u00e9cnicos de vigilancia, concretamente circuito cerrado de televisi\u00f3n.<\/p>\n<p class=\"western\" data-wahfont=\"14\">2. Durante el funcionamiento del sistema de vigilancia, se toman todas medidas organizativas y t\u00e9cnicas apropiadas para la privacidad y seguridad de los datos, as\u00ed como para su protecci\u00f3n contra cualquier forma de procesamiento ilegal.<\/p>\n<p class=\"western\" data-wahfont=\"14\">3. La empresa cuida con minuciosidad:<\/p>\n<p class=\"western\" data-wahfont=\"14\">a) la seguridad del material grabado y la evitaci\u00f3n de su difusi\u00f3n a destinatarios no legales,<\/p>\n<p class=\"western\" data-wahfont=\"14\">b) la vigilancia del acceso al \u00e1rea de control central, su \u00e1rea de almacenamiento del material grabado en cualquier sistema de procesamiento (a nivel de material y software),<\/p>\n<p class=\"western\" data-wahfont=\"14\">c) la evitaci\u00f3n del uso imprudente de pantallas de proyecci\u00f3n,<\/p>\n<p class=\"western\" data-wahfont=\"14\">d) la transmisi\u00f3n segura de los hechos registrados a los destinatarios legales (por ejemplo, autoridades policiales),<\/p>\n<p class=\"western\" data-wahfont=\"14\">e) la formaci\u00f3n continua del personal en materia de protecci\u00f3n de datos personales.<\/p>\n<p class=\"western\" data-wahfont=\"14\">4. La empresa garantiza el suministro de informaci\u00f3n suficiente sobre la existencia de circuitos cerrados de televisi\u00f3n, a trav\u00e9s de se\u00f1ales claramente visibles en las que se indica la finalidad del tratamiento.<\/p>\n<p class=\"western\" data-wahfont=\"14\">5. La empresa garantiza el suministro de informaci\u00f3n suficiente sobre la existencia de circuitos cerrados de televisi\u00f3n, a trav\u00e9s de se\u00f1ales claramente visibles en las que se indica la finalidad del tratamiento.<\/p>\n<p class=\"western\" data-wahfont=\"14\">6. La empresa est\u00e1 obligada a transmitir a las autoridades judiciales, fiscales y policiales competentes los datos que estas \u00faltimas legalmente le soliciten durante el ejercicio de sus deberes.<\/p>\n<p class=\"western\" data-wahfont=\"14\">7. La empresa tiene derecho a continuar procesando los datos personales que haya obtenido del circuito cerrado de televisi\u00f3n en la medida en que estos sean evidencia de un acto delictivo, (por ejemplo, robo, consumo de droga) cometido en sus instalaciones, con el fin de garantizar su utilizaci\u00f3n por las autoridades judiciales, fiscales y policiales competentes, con identificaci\u00f3n de los autores y documentaci\u00f3n de los hechos.<\/p>\n<p class=\"western\" align=\"center\" data-wahfont=\"14\"><strong>Toma de decisiones y elaboraci\u00f3n de perfiles automatizadas<\/strong><\/p>\n<p class=\"western\" data-wahfont=\"14\">La empresa no toma decisiones basadas \u00fanicamente en procedimientos automatizados de tratamiento de datos personales.<\/p>\n<p class=\"western\" align=\"center\" data-wahfont=\"14\"><strong>Tratamiento de datos personales con fines de marketing (marketing)<\/strong><\/p>\n<p class=\"western\" data-wahfont=\"14\">La empresa podr\u00e1, previo consentimiento, tratar datos personales con el fin de informar al p\u00fablico interesado sobre sus productos y servicios. En cualquier caso, se otorga el derecho a oponerse al tratamiento de datos personales con la finalidad anterior de promoci\u00f3n comercial directa de los productos\/servicios de la empresa, que se ejerce presentando la correspondiente solicitud por escrito a la empresa.<\/p>\n<p class=\"western\" align=\"center\" data-wahfont=\"14\"><strong>Tiempo de conservaci\u00f3n de datos personales<\/strong><\/p>\n<p class=\"western\" data-wahfont=\"14\">La empresa conserva los datos personales recabados durante el tiempo que le sea proporcionado para cada caso por el marco legislativo y reglamentario aplicable y en cada caso por un periodo de veinte (20) a\u00f1os.<\/p>\n<p class=\"western\" align=\"center\" data-wahfont=\"14\"><strong>Destinatarios de datos personales<br \/><\/strong><\/p>\n<p class=\"western\" data-wahfont=\"14\">1. Acceso a los datos personales tienen los empleados de la empresa estrictamente dentro del \u00e1mbito de sus responsabilidades, as\u00ed como la gerencia de la empresa para la correcta ejecuci\u00f3n y cumplimiento de sus obligaciones contractuales y legales, as\u00ed como los auditores legales de la empresa.<\/p>\n<p class=\"western\" data-wahfont=\"14\">2. La empresa no transmite ni divulga sus datos personales a terceros, a menos que sea para cumplir obligaciones legales con autoridades judiciales\/fiscales y autoridades p\u00fablicas.<\/p>\n<p class=\"western\" align=\"center\" data-wahfont=\"14\"><strong>Derecho de acceso<\/strong><\/p>\n<p class=\"western\" data-wahfont=\"14\">La empresa proporciona, si lo solicita el sujeto de los datos personales, informaci\u00f3n sobre a) los fines del procesamiento de datos, b) los posibles destinatarios de los datos (por ejemplo, transmisi\u00f3n de datos de empleados de DOU en el contexto del c\u00e1lculo del impuesto sobre la n\u00f3mina), c) el per\u00edodo de tiempo durante el cual se almacenar\u00e1n los datos personales, d) la existencia del derecho a presentar una solicitud de correcci\u00f3n o eliminaci\u00f3n de datos personales y e) cualquier otro asunto relacionado con el procesamiento de datos personales que sea esencial, a discreci\u00f3n de la empresa, para el ejercicio de los respectivos derechos de las partes interesadas.<\/p>\n<p class=\"western\" align=\"center\" data-wahfont=\"14\"><strong>Derecho de rectificaci\u00f3n y actualizaci\u00f3n<\/strong><\/p>\n<p class=\"western\" data-wahfont=\"14\">La empresa est\u00e1 obligada a corregir cualquier dato personal inexacto sin demora indebida, si se presenta una solicitud fundamentada. Lo mismo se aplica en el caso de actualizaci\u00f3n de datos personales.<\/p>\n<p class=\"western\" align=\"center\" data-wahfont=\"14\"><strong>Derecho de eliminaci\u00f3n<\/strong><\/p>\n<p class=\"western\" data-wahfont=\"14\">1. La empresa est\u00e1 obligada a eliminar los datos personales sin demora indebida si se aplica uno de los siguientes motivos: a) los datos personales ya no son necesarios en relaci\u00f3n con los fines para los que fueron recopilados, b) el interesado se opone al procesamiento y no existen razones imperiosas y legales para el procesamiento, c) los datos personales fueron sometidos inadvertidamente a un procesamiento ilegal.<\/p>\n<p class=\"western\" data-wahfont=\"14\">2. Excepcionalmente, la empresa no procede a la eliminaci\u00f3n de datos en la medida en que el tratamiento sea necesario: a) para cumplir con una obligaci\u00f3n legal derivada de la legislaci\u00f3n vigente y que requiera el tratamiento o para cumplir con un deber desempe\u00f1ado en aras del inter\u00e9s p\u00fablico y b) para el establecimiento, ejercicio o apoyo de reclamaciones legales<\/p>\n<p class=\"western\" align=\"center\" data-wahfont=\"14\"><strong>Forma de ejercicio de derechos<\/strong><\/p>\n<p class=\"western\" data-wahfont=\"14\">Cualquier solicitud relacionada con los datos personales en poder de la empresa debe dirigirse por escrito o por correo postal a la direcci\u00f3n 11\u00b0 thousand P.E.O. Thessaloniki &#8211; Kilkis. TK 57022 \u2013 PO Box: 1170 BI.PE.TH. Sindos, Thessaloniki, o enviando un correo electr\u00f3nico a la direcci\u00f3n <u><a href=\"mailto:info@venman.gr\">info@venman.gr<\/a><\/u>.<\/p>\n<p class=\"western\" data-wahfont=\"14\">Se se\u00f1ala que la empresa utiliza \u00abcookies\u00bb en su sitio web con el fin de mejorar los servicios electr\u00f3nicos prestados. Para obtener detalles sobre las cookies, se proporciona informaci\u00f3n en el sitio web de la empresa\u00a0 (<a href=\"https:\/\/venman.gr\/es\/politiki-cookie\/\" target=\"_blank\">https:\/\/venman.gr\/es\/politiki-cookie\/<\/a>).<\/p>\n<p class=\"western\" data-wahfont=\"14\">Por \u00faltimo, la empresa, en base a su actual Pol\u00edtica de Protecci\u00f3n de Datos y dentro del marco legislativo y reglamentario vigente, podr\u00e1 revisar o modificar la presente Pol\u00edtica de Seguridad.<\/p>\n<p><strong>Solicitud de acceso a datos<\/strong> Siempre que disponga de alguna \u00a0<strong>cuenta de usuario,<\/strong> puede aplicar <strong>el acceso autom\u00e1tico<\/strong> en los datos que se le hayan <strong>podido<\/strong> guardar en el sitio web desde la siguiente p\u00e1gina: <a href=\"https:\/\/venman.gr\/data-access-request\/\">https:\/\/venman.gr\/data-access-request\/<\/a> Para cualquier cosa que pueda ser necesaria y relacionada con problemas <strong>de protecci\u00f3n<\/strong> de su informaci\u00f3n personal, \u00a0<a href=\"https:\/\/venman.gr\/es\/epikoinonia\/\"><strong>comun\u00edquese con nosotros.<\/strong><\/a><\/p>\n<h4 data-wahfont=\"17\"><b>Cambios en la Pol\u00edtica de Privacidad<\/b><\/h4>\n<div id=\"collapse-11\">La Pol\u00edtica de privacidad puede cambiar de vez en cuando y cualquier cambio en la declaraci\u00f3n de privacidad se publicar\u00e1 en nuestro sitio web <a href=\"https:\/\/venman.gr\/es\/politiki-aporritou\/\">https:\/\/www.venman.gr\/es\/politiki-aporritou<\/a>.\u00a0<b>\u00daLTIMA ACTUALIZACI\u00d3N 24\/09\/2018<\/b><\/div>\n<\/div><div class=\"bt_bb_separator bt_bb_border_style_none bt_bb_border_color_none bt_bb_top_spacing_50 bt_bb_bottom_spacing_\" data-bt-override-class=\"{&quot;bt_bb_top_spacing_&quot;:{&quot;current_class&quot;:&quot;bt_bb_top_spacing_50&quot;,&quot;def&quot;:&quot;50&quot;,&quot;xl&quot;:&quot;50&quot;},&quot;bt_bb_bottom_spacing_&quot;:{&quot;current_class&quot;:&quot;bt_bb_bottom_spacing_&quot;,&quot;def&quot;:&quot;&quot;,&quot;xl&quot;:&quot;&quot;}}\"><\/div><\/div><\/div><\/div><\/div><\/div><\/div><!-- cell_inner --><\/div><!-- cell --><\/div><!-- port --><\/section>\n","protected":false},"excerpt":{"rendered":"","protected":false},"author":1,"featured_media":0,"parent":0,"menu_order":0,"comment_status":"closed","ping_status":"closed","template":"","meta":{"footnotes":""},"class_list":["post-354823","page","type-page","status-publish","hentry"],"_links":{"self":[{"href":"https:\/\/venman.gr\/es\/wp-json\/wp\/v2\/pages\/354823","targetHints":{"allow":["GET"]}}],"collection":[{"href":"https:\/\/venman.gr\/es\/wp-json\/wp\/v2\/pages"}],"about":[{"href":"https:\/\/venman.gr\/es\/wp-json\/wp\/v2\/types\/page"}],"author":[{"embeddable":true,"href":"https:\/\/venman.gr\/es\/wp-json\/wp\/v2\/users\/1"}],"replies":[{"embeddable":true,"href":"https:\/\/venman.gr\/es\/wp-json\/wp\/v2\/comments?post=354823"}],"version-history":[{"count":5,"href":"https:\/\/venman.gr\/es\/wp-json\/wp\/v2\/pages\/354823\/revisions"}],"predecessor-version":[{"id":354833,"href":"https:\/\/venman.gr\/es\/wp-json\/wp\/v2\/pages\/354823\/revisions\/354833"}],"wp:attachment":[{"href":"https:\/\/venman.gr\/es\/wp-json\/wp\/v2\/media?parent=354823"}],"curies":[{"name":"wp","href":"https:\/\/api.w.org\/{rel}","templated":true}]}}