{"id":354820,"date":"2023-05-18T15:58:09","date_gmt":"2023-05-18T12:58:09","guid":{"rendered":"https:\/\/venman.gr\/politiki-cookie\/"},"modified":"2025-05-05T11:24:35","modified_gmt":"2025-05-05T08:24:35","slug":"politiki-cookie","status":"publish","type":"page","link":"https:\/\/venman.gr\/es\/politiki-cookie\/","title":{"rendered":"Pol\u00edtica de Cookies"},"content":{"rendered":"<section id=\"bt_bb_section69d84b9e3c958\" class=\"bt_bb_section bt_bb_layout_boxed_1200\"  data-bt-override-class=\"null\"><div class=\"bt_bb_port\"><div class=\"bt_bb_cell\"><div class=\"bt_bb_cell_inner\"><div class=\"bt_bb_row \"  data-bt-override-class=\"{}\"><div class=\"bt_bb_row_holder\" ><div  class=\"bt_bb_column col-xxl-12 col-xl-12 col-xs-12 col-sm-12 col-md-12 col-lg-12 bt_bb_vertical_align_top bt_bb_align_left bt_bb_padding_normal\" style=\"; --column-width:12;\" data-width=\"12\" data-bt-override-class=\"{}\"><div class=\"bt_bb_column_content\"><div class=\"bt_bb_column_content_inner\"><div class=\"bt_bb_separator bt_bb_border_style_none bt_bb_border_color_none bt_bb_top_spacing_extra_large bt_bb_bottom_spacing_\" data-bt-override-class=\"{&quot;bt_bb_top_spacing_&quot;:{&quot;current_class&quot;:&quot;bt_bb_top_spacing_extra_large&quot;,&quot;def&quot;:&quot;extra_large&quot;,&quot;xl&quot;:&quot;extra_large&quot;},&quot;bt_bb_bottom_spacing_&quot;:{&quot;current_class&quot;:&quot;bt_bb_bottom_spacing_&quot;,&quot;def&quot;:&quot;&quot;,&quot;xl&quot;:&quot;&quot;}}\"><\/div><\/div><\/div><\/div><\/div><\/div><\/div><!-- cell_inner --><\/div><!-- cell --><\/div><!-- port --><\/section><section id=\"bt_bb_section69d84b9e3ce81\" class=\"bt_bb_section bt_bb_layout_boxed_1200\"  data-bt-override-class=\"null\"><div class=\"bt_bb_port\"><div class=\"bt_bb_cell\"><div class=\"bt_bb_cell_inner\"><div class=\"bt_bb_row \"  data-bt-override-class=\"{}\"><div class=\"bt_bb_row_holder\" ><div  class=\"bt_bb_column col-xxl-12 col-xl-12 col-xs-12 col-sm-12 col-md-12 col-lg-12 bt_bb_vertical_align_top bt_bb_align_left bt_bb_padding_normal\" style=\"; --column-width:12;\" data-width=\"12\" data-bt-override-class=\"{}\"><div class=\"bt_bb_column_content\"><div class=\"bt_bb_column_content_inner\"><div  class=\"bt_bb_text\" ><h3 style=\"text-align: center\"><strong>Pol\u00edtica de Cookies<br \/><\/strong><\/h3>\n<p><strong>A trav\u00e9s de este sitio web, VENMAN y sus proveedores de servicios externos establecen y utilizan cookies para almacenar y administrar las preferencias del usuario, mostrar publicidad dirigida, activar contenido, recopilar an\u00e1lisis y datos de uso y, en general, mejorar la experiencia del usuario.<br \/><\/strong><\/p>\n<p>Esta pol\u00edtica define el tipo de cookies que utilizamos, <a href=\"https:\/\/www.thomsonreuters.com\/en\/privacy-statement#managingcookies\">c\u00f3mo se utilizan y c\u00f3mo puede controlarlas y administrarlas<\/a>.<\/p>\n<p><b>\u00bfQu\u00e9 es una cookie?<\/b><\/p>\n<p>Cookie es un peque\u00f1o archivo de texto que se coloca en una computadora u otro dispositivo y se usa para identificar al usuario o dispositivo y para recopilar informaci\u00f3n. Las cookies generalmente se dividen en una de cuatro categor\u00edas, seg\u00fan su funci\u00f3n y prop\u00f3sito: cookies estrictamente necesarias, cookies de rendimiento, cookies funcionales y cookies de orientaci\u00f3n\/publicidad.<\/p>\n<p><b>Tipos de cookies y por qu\u00e9 utilizamos cookies. Estrictamente necesarias:<\/b>\u00a0\u00a0<\/p>\n<p>Estas cookies son necesarias para que el sitio web funcione y no se pueden deshabilitar en nuestros sistemas. Sin estas cookies, no podemos brindarle los servicios que ha solicitado. Puede configurar su navegador para bloquear o notificarle sobre estas cookies, pero algunas partes de nuestro sitio web no funcionar\u00e1n. Estas cookies no almacenan informaci\u00f3n de identificaci\u00f3n personal.<\/p>\n<p><b>Cookies de rendimiento:<\/b><\/p>\n<p>Estas cookies nos permiten contar el n\u00famero de visitas y fuentes de tr\u00e1fico con el fin de evaluar y mejorar el rendimiento de nuestro sitio web.<br \/>Nos ayudan a averiguar qu\u00e9 p\u00e1ginas son m\u00e1s o menos populares, ver c\u00f3mo se mueven los visitantes por el sitio y si han hecho clic en un enlace.<br \/>Esto nos permite comprender qu\u00e9 estamos haciendo bien y d\u00f3nde hay margen de mejora, y garantizar que las p\u00e1ginas se carguen r\u00e1pidamente y se muestren correctamente.<br \/>La informaci\u00f3n recopilada incluye, por ejemplo, los navegadores web y sistemas operativos utilizados, el nombre de dominio del sitio web visitado anteriormente, el n\u00famero de visitas, la duraci\u00f3n media de la visita y las p\u00e1ginas visitadas. Toda la informaci\u00f3n recopilada por estas cookies es agregada y, por lo tanto, an\u00f3nima.<br \/>Si no permite estas cookies, no sabremos cu\u00e1ndo visit\u00f3 nuestro sitio web y no podremos monitorear su rendimiento y mejorar su experiencia. Para llevar a cabo estas funciones, utilizamos los servicios de Google.<\/p>\n<p><strong>Cookies funcionales<\/strong>: Estas cookies permiten que el sitio web proporcione una funcionalidad y personalizaci\u00f3n mejoradas al guardar sus elecciones (como su nombre de usuario o ID, preferencia de idioma o regi\u00f3n en la que se encuentra).<\/p>\n<p>Tambi\u00e9n se pueden utilizar para proporcionar servicios que haya solicitado, como ver videos. Pueden ser establecidos por nosotros o por proveedores externos cuyos servicios se hayan agregado a nuestras p\u00e1ginas.<\/p>\n<p>La informaci\u00f3n que recopilan estas cookies puede ser an\u00f3nima y no puede rastrear su actividad de navegaci\u00f3n en otros sitios web. Si no permite estas cookies, es posible que algunos o todos los servicios anteriores no funcionen correctamente.<\/p>\n<p><b>Cookies de orientaci\u00f3n\/cookies publicitarias:<\/b><\/p>\n<p>Estas cookies rastrean los h\u00e1bitos de navegaci\u00f3n y se utilizan para ofrecer publicidad dirigida (basada en intereses). Estas cookies pueden ser establecidas a trav\u00e9s de nuestro sitio web por nuestros socios publicitarios con nuestro permiso. Estas empresas pueden utilizarlas para crear un perfil de sus intereses y mostrar anuncios relevantes en otros sitios web. Recuerdan que ha visitado un sitio web y esta informaci\u00f3n se comparte con otras organizaciones, como anunciantes. No almacenan informaci\u00f3n personal directamente, sino que dependen de la identificaci\u00f3n \u00fanica de su navegador y dispositivo en l\u00ednea. Puede deshabilitar estas cookies y continuar usando los sitios web de VENMAN.<\/p>\n<p><b>Gesti\u00f3n de cookies del sitio web<\/b><\/p>\n<p>Puede administrar las cookies del sitio web en la configuraci\u00f3n de su navegador y puede cambiar su configuraci\u00f3n para aceptar, rechazar o eliminar cookies en cualquier momento. Si elige cambiar su configuraci\u00f3n, es posible que algunas funciones y caracter\u00edsticas no funcionen como deber\u00edan para que pueda utilizar los servicios de VENMAN. La configuraci\u00f3n del navegador difiere ligeramente entre s\u00ed, por lo que para administrar las cookies, debe consultar la configuraci\u00f3n correspondiente de su navegador.<\/p>\n<p><strong><b>Si desea obtener m\u00e1s informaci\u00f3n sobre las cookies, visite los siguientes sitios web, que incluyen informaci\u00f3n detallada sobre los tipos de cookies, c\u00f3mo se utilizan y c\u00f3mo puede administrar sus preferencias de cookies: <a href=\"https:\/\/cookiepedia.co.uk\/how-to-manage-cookies\">http:\/\/www.cookiepedia.co.uk\/index.php?title=How_to_Manage_Cookies<\/a> \u03ae <a href=\"https:\/\/www.aboutcookies.org\/\">http:\/\/www.aboutcookies.org\/<\/a><\/b><\/strong><\/p>\n<p><strong><b>Haga clic a continuaci\u00f3n para obtener informaci\u00f3n detallada sobre c\u00f3mo deshabilitar y eliminar las cookies en los navegadores m\u00e1s utilizados: <\/b><\/strong>\u00a0<a href=\"https:\/\/support.mozilla.org\/en-US\/kb\/delete-cookies-remove-info-websites-stored\" target=\"_blank\">Mozilla Firefox\u00ae<\/a>\u00a0<a href=\"https:\/\/support.microsoft.com\/en-us\/help\/17442\/windows-internet-explorer-delete-manage-cookies#ie=ie-11\" target=\"_blank\">Microsoft\u00ae Internet Explorer<\/a>\u00a0<a href=\"https:\/\/support.google.com\/accounts\/answer\/61416?hl=en\" target=\"_blank\">Google Chrome\u2122<\/a>\u00a0<a href=\"https:\/\/support.apple.com\/kb\/PH21411?viewlocale=en_US&amp;locale=en_US\" target=\"_blank\">Safari\u00ae<\/a> \u00a0Las empresas de publicidad tambi\u00e9n le brindan la posibilidad de optar por no recibir publicidad dirigida si lo desea. Esto no impide que se coloquen cookies, pero s\u00ed impide que estas empresas utilicen y recopilen ciertos datos. Para obtener m\u00e1s informaci\u00f3n, visite el sitio web:\u00a0<a href=\"http:\/\/www.youronlinechoices.eu\/\" target=\"_blank\">http:\/\/www.youronlinechoices.eu\/<\/a><\/p>\n<p><b>Publicidad en dispositivos m\u00f3viles<\/b> Podemos ofrecer publicidad dirigida a su dispositivo m\u00f3vil a trav\u00e9s de un identificador de publicidad que tenga su dispositivo m\u00f3vil. Puede deshabilitar el seguimiento por parte de las empresas de publicidad y la ubicaci\u00f3n de su dispositivo m\u00f3vil o restablecer el ID de publicidad en la configuraci\u00f3n de privacidad de su dispositivo m\u00f3vil. En este caso, los anuncios que vea pueden ser menos relevantes ya que no se basar\u00e1n en sus intereses. Puede encontrar m\u00e1s informaci\u00f3n sobre c\u00f3mo controlar la publicidad en dispositivos m\u00f3viles en <a href=\"http:\/\/youradchoices.com\/appchoices\" target=\"_blank\"><u>http:\/\/youradchoices.com\/appchoices<\/u><\/a><\/p>\n<p><b>Socios de VENMAN<\/b> Tambi\u00e9n puede recibir cookies cuando visita los sitios web de nuestros socios. El uso de cookies en sitios web de terceros se rige por la pol\u00edtica de privacidad y cookies de su sitio web..<\/p>\n<\/div><\/div><\/div><\/div><\/div><\/div><\/div><!-- cell_inner --><\/div><!-- cell --><\/div><!-- port --><\/section>\n","protected":false},"excerpt":{"rendered":"","protected":false},"author":1,"featured_media":0,"parent":0,"menu_order":0,"comment_status":"closed","ping_status":"closed","template":"","meta":{"footnotes":""},"class_list":["post-354820","page","type-page","status-publish","hentry"],"_links":{"self":[{"href":"https:\/\/venman.gr\/es\/wp-json\/wp\/v2\/pages\/354820","targetHints":{"allow":["GET"]}}],"collection":[{"href":"https:\/\/venman.gr\/es\/wp-json\/wp\/v2\/pages"}],"about":[{"href":"https:\/\/venman.gr\/es\/wp-json\/wp\/v2\/types\/page"}],"author":[{"embeddable":true,"href":"https:\/\/venman.gr\/es\/wp-json\/wp\/v2\/users\/1"}],"replies":[{"embeddable":true,"href":"https:\/\/venman.gr\/es\/wp-json\/wp\/v2\/comments?post=354820"}],"version-history":[{"count":3,"href":"https:\/\/venman.gr\/es\/wp-json\/wp\/v2\/pages\/354820\/revisions"}],"predecessor-version":[{"id":354836,"href":"https:\/\/venman.gr\/es\/wp-json\/wp\/v2\/pages\/354820\/revisions\/354836"}],"wp:attachment":[{"href":"https:\/\/venman.gr\/es\/wp-json\/wp\/v2\/media?parent=354820"}],"curies":[{"name":"wp","href":"https:\/\/api.w.org\/{rel}","templated":true}]}}