{"id":354813,"date":"2023-05-18T16:03:10","date_gmt":"2023-05-18T13:03:10","guid":{"rendered":"https:\/\/venman.gr\/oroi-xrisis\/"},"modified":"2025-05-06T10:41:22","modified_gmt":"2025-05-06T07:41:22","slug":"oroi-xrisis","status":"publish","type":"page","link":"https:\/\/venman.gr\/es\/oroi-xrisis\/","title":{"rendered":"T\u00c9RMINOS DE USO"},"content":{"rendered":"<section id=\"bt_bb_section69e060beba33b\" class=\"bt_bb_section bt_bb_layout_boxed_1200\"  data-bt-override-class=\"null\"><div class=\"bt_bb_port\"><div class=\"bt_bb_cell\"><div class=\"bt_bb_cell_inner\"><div class=\"bt_bb_row \"  data-bt-override-class=\"{}\"><div class=\"bt_bb_row_holder\" ><div  class=\"bt_bb_column col-xxl-12 col-xl-12 col-xs-12 col-sm-12 col-md-12 col-lg-12 bt_bb_vertical_align_top bt_bb_align_left bt_bb_padding_normal\" style=\"; --column-width:12;\" data-width=\"12\" data-bt-override-class=\"{}\"><div class=\"bt_bb_column_content\"><div class=\"bt_bb_column_content_inner\"><div class=\"bt_bb_separator bt_bb_border_style_none bt_bb_border_color_none bt_bb_top_spacing_extra_large bt_bb_bottom_spacing_\" data-bt-override-class=\"{&quot;bt_bb_top_spacing_&quot;:{&quot;current_class&quot;:&quot;bt_bb_top_spacing_extra_large&quot;,&quot;def&quot;:&quot;extra_large&quot;,&quot;xl&quot;:&quot;extra_large&quot;},&quot;bt_bb_bottom_spacing_&quot;:{&quot;current_class&quot;:&quot;bt_bb_bottom_spacing_&quot;,&quot;def&quot;:&quot;&quot;,&quot;xl&quot;:&quot;&quot;}}\"><\/div><\/div><\/div><\/div><\/div><\/div><\/div><!-- cell_inner --><\/div><!-- cell --><\/div><!-- port --><\/section><section id=\"bt_bb_section69e060beba874\" class=\"bt_bb_section bt_bb_layout_boxed_1200\"  data-bt-override-class=\"null\"><div class=\"bt_bb_port\"><div class=\"bt_bb_cell\"><div class=\"bt_bb_cell_inner\"><div class=\"bt_bb_row \"  data-bt-override-class=\"{}\"><div class=\"bt_bb_row_holder\" ><div  class=\"bt_bb_column col-xxl-12 col-xl-12 col-xs-12 col-sm-12 col-md-12 col-lg-12 bt_bb_vertical_align_top bt_bb_align_left bt_bb_padding_normal\" style=\"; --column-width:12;\" data-width=\"12\" data-bt-override-class=\"{}\"><div class=\"bt_bb_column_content\"><div class=\"bt_bb_column_content_inner\"><div  class=\"bt_bb_text\" ><h3 style=\"text-align: center\"><strong>T\u00c9RMINOS DE USO<\/strong><\/h3>\n<p>El uso del contenido proporcionado en el sitio web y de los servicios proporcionados implica la aceptaci\u00f3n incondicional de estos T\u00e9rminos y Condiciones.<\/p>\n<p>El visitante\/usuario del sitio web acepta que en cada visita\/uso de este sitio web aplicar\u00e1 y estar\u00e1 sujeto a los T\u00e9rminos y Condiciones de Uso, tal como se describe a continuaci\u00f3n.<\/p>\n<p>En caso de desacuerdo con uno o m\u00e1s t\u00e9rminos de uso, el visitante\/usuario debe evitar cualquier visita y\/o uso del sitio web.<\/p>\n<p><strong><b>Todo el contenido del sitio web, incluidas las im\u00e1genes, gr\u00e1ficos, fotograf\u00edas, dise\u00f1os, textos, servicios y productos proporcionados son propiedad intelectual de VENMAN Company ABEE<\/b><\/strong><strong><b>, en lo sucesivo \u2013 VENMAN, y est\u00e1n protegidos de acuerdo con las disposiciones pertinentes de la legislaci\u00f3n griega, la legislaci\u00f3n europea y los convenios internacionales.<\/b><\/strong><\/p>\n<p><strong><b>Todo el contenido del sitio web ha sido enviado a un abogado que ha certificado la propiedad intelectual.<\/b><\/strong><strong><b> Cualquier copia, distribuci\u00f3n, transferencia, modificaci\u00f3n, reventa, creaci\u00f3n de trabajos derivados o enga\u00f1o al p\u00fablico sobre el proveedor real del Contenido del Sitio Web est\u00e1 expresamente prohibido.<\/b><\/strong><\/p>\n<p><strong><b>Cualquier reproducci\u00f3n, republicaci\u00f3n, carga, anuncio, difusi\u00f3n o transmisi\u00f3n o cualquier otro uso del Contenido de cualquier manera o medio con fines comerciales o de otro tipo solo se permite con el permiso previo por escrito de la Empresa o de cualquier otro titular de los derechos de autor.<\/b><\/strong><\/p>\n<p><strong><b>Los nombres, im\u00e1genes, logotipos y rasgos distintivos que representan a la Empresa o a terceros y sus productos o servicios son marcas comerciales exclusivas de la Empresa o de terceros protegidas por las leyes de marcas pertinentes. Su aparici\u00f3n en el sitio web no debe entenderse en modo alguno como una cesi\u00f3n o cesi\u00f3n de licencia o derecho de uso de los mismos.<\/b><\/strong><\/p>\n<p><strong><b>Queda expresamente prohibido cualquier uso, reproducci\u00f3n, reedici\u00f3n \u2013 incluso citando la fuente con un enlace activo \u2013 copiar, almacenar, vender, transmitir, distribuir, publicar, realizar, cargar (descargar), traducir, modificar de cualquier forma, parcial o resumidamente, el contenido del sitio web, sin el permiso por escrito del editor.<\/b><\/strong><\/p>\n<p>Los presentes t\u00e9rminos de Protecci\u00f3n de Datos Personales cubren todos los datos personales de los usuarios recopilados por VENMAN durante la visita y uso de los servicios y p\u00e1ginas del sitio web <a href=\"https:\/\/venman.gr\/es\/\">VENMAN.gr<\/a>.<\/p>\n<p>Asimismo, estos t\u00e9rminos cubren las condiciones de recogida, tratamiento y gesti\u00f3n de datos personales de los usuarios del sitio web a cualesquiera empresas asociadas. Puede encontrar informaci\u00f3n detallada sobre la Pol\u00edtica de Privacidad de VENMAN <strong><a href=\"https:\/\/venman.gr\/es\/politiki-aporritou\/\" target=\"_blank\"><b>aqu\u00ed<\/b><\/a><\/strong>. Estos t\u00e9rminos no cubren de ninguna manera la relaci\u00f3n entre los usuarios del sitio y cualquier servicio que no est\u00e9 sujeto al control o propiedad del sitio.<\/p>\n<p>Dada la naturaleza y volumen de Internet, en ning\u00fan caso, incluido el supuesto de negligencia, VENMAN se hace responsable de ning\u00fan tipo de da\u00f1o sufrido por el visitante\/usuario de las p\u00e1ginas, servicios, opciones y contenidos del sitio web.<\/p>\n<p>Se presume que el usuario al ingresar al sitio ha le\u00eddo los presentes t\u00e9rminos, acepta estos t\u00e9rminos y renuncia a cualquier reclamo por cualquier da\u00f1o que pueda ocurrir durante la navegaci\u00f3n por el sitio www.VENMAN.gr.<\/p>\n<p><strong><b>USO Y RECOPILACI\u00d3N DE DATOS PERSONALES<\/b><\/strong><\/p>\n<p>VENMAN.gr recopila datos personales cuando el usuario completa sus datos en el formulario de contacto proporcionado en el sitio web.<\/p>\n<p>Al dar de alta al usuario en VENMAN.gr, se solicita la informaci\u00f3n siguiente: nombre y direcci\u00f3n de correo electr\u00f3nico.<\/p>\n<p>VENMAN.gr utiliza los datos personales de los usuarios que deseen comunicarse m\u00e1s para su soporte informativo, respuesta a solicitudes, resoluci\u00f3n de consultas y todo lo relacionado con los servicios disponibles desde y a trav\u00e9s de VENMAN.gr, as\u00ed como informarles sobre nuevas ofertas de servicios.<\/p>\n<p>Puede encontrar informaci\u00f3n detallada sobre el uso y la recopilaci\u00f3n de datos personales y la Pol\u00edtica de Privacidad de VENMAN <a href=\"https:\/\/venman.gr\/es\/politiki-aporritou\/\">aqu\u00ed<\/a>.<\/p>\n<p><strong><b>VERIFICACI\u00d3N\/CORRECCI\u00d3N\/ELIMINACI\u00d3N DE DATOS PERSONALES<\/b><\/strong><\/p>\n<p>Los usuarios, si as\u00ed lo desean, se reservan el derecho. a trav\u00e9s de cualquier comunicaci\u00f3n con VENMAN, de eliminar sus datos personales, rectificarlos o actualizarlos en cualquier momento, manteniendo as\u00ed un control absoluto sobre sus datos personales y el uso de estos. Puede encontrar informaci\u00f3n detallada sobre la Pol\u00edtica de Privacidad de VENMAN <a href=\"https:\/\/venman.gr\/es\/politiki-aporritou\/\">aqu\u00ed<\/a>.<\/p>\n<p><strong><b>DIVULGACI\u00d3N DE DATOS PERSONALES<\/b><\/strong><\/p>\n<p>La informaci\u00f3n personal recopilada de los usuarios en el sitio web de VENMAN a trav\u00e9s del formulario de contacto especial se usa solo para el prop\u00f3sito para el cual los usuarios la proporcionaron. No se divulgan, venden ni ceden a terceros para ning\u00fan uso, sin el consentimiento previo de los usuarios.<\/p>\n<p>VENMAN.gr puede transferir datos personales de sus usuarios a terceras personas jur\u00eddicas o naturales solo si: Cuenta con el consentimiento expreso de los usuarios para la transferencia de datos personales. La canalizaci\u00f3n de datos personales a personas jur\u00eddicas o f\u00edsicas que cooperen con VENMAN se hace necesaria para implementar pedidos\/servicios de los usuarios.<\/p>\n<p>Las personas jur\u00eddicas y f\u00edsicas que colaboran con VENMAN tienen derecho a tratar los datos personales que los usuarios de VENMAN.gr le sometan solo en la medida en que sea absolutamente necesario para brindar apoyo a VENMAN.<\/p>\n<p>VENMAN se compromete a actuar siempre de conformidad con las definiciones de la ley y los mandatos de las autoridades competentes y sigue al pie de la letra el Reglamento 2016\/679 del Parlamento Europeo y del Consejo de 27 de abril de 2016 relativo a la protecci\u00f3n de personas f\u00edsicas contra el tratamiento de datos personales y para la libre circulaci\u00f3n de dichos datos y derogaci\u00f3n de la Directiva 95\/46\/CE (Reglamento General de Protecci\u00f3n de Datos). <a href=\"https:\/\/eur-lex.europa.eu\/legal-content\/EL\/TXT\/PDF\/?uri=CELEX:32016R0679&amp;from=EN\">VENMAN implementa todo lo definido y publicado en el Diario Oficial de la Uni\u00f3n Europea el 04\/05\/2016.<\/a><\/p>\n<p>Puede encontrar informaci\u00f3n detallada sobre la Pol\u00edtica de Privacidad de VENMAN <a href=\"https:\/\/venman.gr\/es\/politiki-aporritou\/\">aqu\u00ed<\/a>.<\/p>\n<p><strong><b>ENLACES A OTROS SITIOS WEB<\/b><\/strong><\/p>\n<p>VENMAN.gr incluye enlaces a otros sitios web que bajo ninguna circunstancia est\u00e1n controlados por VENMAN.gr sino por terceros (personas f\u00edsicas o jur\u00eddicas).<\/p>\n<p>En ning\u00fan caso es VENMAN.gr responsable de los T\u00e9rminos de Protecci\u00f3n de Datos Personales de visitantes\/usuarios que sigan estas entidades.<\/p>\n<p>Asimismo, VENMAN no respalda ni apoya los productos o servicios ofrecidos en los sitios a los que accede a trav\u00e9s de este sitio. Puede encontrar informaci\u00f3n detallada sobre la Pol\u00edtica de Privacidad de VENMAN <a href=\"https:\/\/venman.gr\/es\/politiki-aporritou\/\">aqu\u00ed<\/a>.<\/p>\n<p><strong><b>COOKIES<\/b><\/strong><\/p>\n<p>VENMAN.gr, con el fin de mejorar sus servicios, puede utilizar cookies para identificar al usuario.<\/p>\n<p>Las cookies se utilizan \u00fanicamente para facilitar el acceso del usuario a determinados servicios de VENMAN.gr y por razones estad\u00edsticas, para determinar las \u00e1reas en las que sus servicios son \u00fatiles o populares, o con fines de marketing.<\/p>\n<p>El usuario de VENMAN.gr puede configurar su servidor (navegador) de tal forma que o bien le avise sobre el uso de cookies en determinados servicios, o bien no permita en ning\u00fan caso la aceptaci\u00f3n del uso de cookies.<br \/>En el caso de que el usuario de concretos servicios y p\u00e1ginas no desee utilizar cookies para su identificaci\u00f3n, no podr\u00e1 seguir accediendo a dichos servicios. Puede encontrar informaci\u00f3n detallada sobre las Cookies y la Pol\u00edtica de Cookies de VENMAN <a href=\"https:\/\/venman.gr\/es\/politiki-cookie\/\">aqu\u00ed<\/a>.<\/p>\n<p><strong>Ley aplicable<\/strong><br \/>La gesti\u00f3n y protecci\u00f3n de datos personales del usuario de servicios VENMAN.gr est\u00e1n sujetos a los t\u00e9rminos de esta secci\u00f3n, as\u00ed como a las disposiciones pertinentes de la legislaci\u00f3n europea y griega [Reglamento 2016\/679 del Parlamento Europeo y del Consejo de 27 de abril de 2016 sobre la protecci\u00f3n de personas f\u00edsicas contra el tratamiento de datos personales y para la libre circulaci\u00f3n de dichos datos y la derogaci\u00f3n de la Directiva 95\/46\/CE (Reglamento General de Protecci\u00f3n de Datos)]. <a href=\"https:\/\/eur-lex.europa.eu\/legal-content\/EL\/TXT\/PDF\/?uri=CELEX:32016R0679&amp;from=EN\">VENMAN implementa todo lo definido y publicado en el Diario Oficial de la Uni\u00f3n Europea el 04\/05\/2016<\/a>.<br \/>Las presentes condiciones se formulan teniendo en cuenta tanto el r\u00e1pido desarrollo de la tecnolog\u00eda y, en particular, Internet como la red existente, aunque no completamente desarrollada, de regulaciones legales sobre estos temas. En este contexto, cualquier regulaci\u00f3n relevante futura ser\u00e1 objeto de esta secci\u00f3n.<br \/>En cualquier caso, VENMAN.gr se reserva el derecho de modificar<a href=\"https:\/\/venman.gr\/es\/politiki-aporritou\/\"> los t\u00e9rminos de protecci\u00f3n de datos personales<\/a> con previa informaci\u00f3n a los usuarios y dentro del marco legal existente o futuro. Si el usuario no est\u00e1 de acuerdo con las condiciones de protecci\u00f3n de datos personales previstas en <a href=\"https:\/\/venman.gr\/es\/politiki-aporritou\/\">el presente<\/a> no debe utilizar los servicios de VENMAN.gr.<\/p>\n<p><strong><b>ACUERDO<\/b><\/strong><br \/>Este sitio web pertenece a VENMAN ABEE, ha sido encargado por ella y se pone a su disposici\u00f3n con fines informativos. El uso del sitio web VENMAN.gr se considera como aceptaci\u00f3n de los T\u00e9rminos de Uso y de la Pol\u00edtica de Privacidad. Si no est\u00e1 de acuerdo con los T\u00e9rminos de Uso y la Pol\u00edtica de Privacidad, no puede usar este sitio.<\/p>\n<p><strong><b>T\u00c9RMINOS DE USO<\/b><\/strong><\/p>\n<p>Sujeto a otras disposiciones, este sitio se proporciona para su uso personal y no comercial. Est\u00e1 prohibido modificar, copiar, distribuir, transferir, exhibir, realizar, reproducir, publicar, otorgar licencias, crear trabajos derivados, transferir o vender datos, software, productos o servicios obtenidos del sitio.<\/p>\n<p>Puede mostrar y copiar electr\u00f3nicamente, descargar e imprimir partes del material contenido en el sitio para su propio uso no comercial, siempre que no se infrinjan los derechos de autor y que no se modifiquen, alteren o eliminen comercialmente marcas comerciales u otros avisos de propiedad.<br \/>Queda prohibido cualquier otro uso del material de este sitio, incluidos, entre otros, la modificaci\u00f3n, reproducci\u00f3n, distribuci\u00f3n, republicaci\u00f3n, exhibici\u00f3n o transmisi\u00f3n del contenido de este sitio, sin el permiso previo por escrito de las empresas mencionadas.<\/p>\n<p>Cualquier material que \u00abse descargue del sitio\u00bb, incluidos, entre otros, software, archivos, gr\u00e1ficos, datos u otro contenido, pertenece a la empresa VENMAN ABEE o a los organismos que otorgan esta licencia. Cuando descarga, VENMAN le proporciona este material bajo una licencia revocable.<\/p>\n<p>VENMAN conserva la titularidad total y completa del Software y todos los derechos de propiedad intelectual relacionados. No puede redistribuir ni vender el material, ni puede realizar ingenier\u00eda inversa, desensamblarlo o convertirlo en otra forma utilizable por humanos.<\/p>\n<p><strong><b>MATERIAL DE ENV\u00cdO<\/b><\/strong><\/p>\n<p>Excepto por los datos personales que podamos recopilar de usted de acuerdo con <a href=\"https:\/\/venman.gr\/es\/politiki-aporritou\/\">Nuestra Pol\u00edtica de Privacidad<\/a> y las disposiciones pertinentes para la protecci\u00f3n de Datos Personales, todos los comentarios, sugerencias, ideas, gr\u00e1ficos u otra informaci\u00f3n que comunique a VENMAN a trav\u00e9s de este sitio pasar\u00e1n a ser de su propiedad, incluso si este acuerdo se rescinde posteriormente.<\/p>\n<p>VENMAN y sus designados tendr\u00e1n la libertad de copiar, divulgar, distribuir, incorporar y utilizar de otro modo los materiales que env\u00ede para todos y cada uno de los fines comerciales o no comerciales, sin ninguna obligaci\u00f3n de compensarlo a usted o a otros por el material.<\/p>\n<p>RENUNCIA A PRESENTAR RECLAMACIONES<br \/>VENMAN no garantiza ni promete la precisi\u00f3n o integridad del contenido de este sitio. Este sitio y los materiales, elementos y servicios que contiene, incluidos, entre otros, texto, gr\u00e1ficos y enlaces, se proporcionan \u00abtal cual\u00bb y sin garant\u00eda de ning\u00fan tipo, ya sea expresa o impl\u00edcita, en la m\u00e1xima medida permitida por la ley aplicable.<\/p>\n<p>VENMAN no acepta ninguna responsabilidad correspondiente a ninguna garant\u00eda, expresa o impl\u00edcita, incluidas, entre otras, las garant\u00edas impl\u00edcitas de comerciabilidad e idoneidad para un prop\u00f3sito particular, no infracci\u00f3n, ausencia de virus inform\u00e1ticos y garant\u00edas de comerciabilidad o rendimiento; VENMAN no promete ni garantiza que las funciones contenidas en este sitio ser\u00e1n ininterrumpidas o libres de errores, que los defectos en este sitio se corregir\u00e1n o que el servidor que hace el sitio disponible est\u00e9 libre de virus u otros componentes da\u00f1inos.<\/p>\n<p>VENMAN no hace promesas ni garant\u00edas con respecto al uso del material en este sitio en t\u00e9rminos de integridad, correcci\u00f3n, exactitud, idoneidad, utilidad, puntualidad, confiabilidad o de otro tipo. Adem\u00e1s, usted (y no VENMAN) asume el costo total de todos los servicios, reparaciones o correcciones necesarios.<\/p>\n<p><strong><b>LIMITACI\u00d3N DE RESPONSABILIDAD<\/b><\/strong><\/p>\n<p>En ning\u00fan caso VENMAN ser\u00e1 responsable de da\u00f1os directos, indirectos, especiales, ejemplares, extraordinarios, ejemplares o consecuentes, ni de ning\u00fan otro da\u00f1o, incluso si VENMAN ha sido informado previamente de la posibilidad de tales da\u00f1os, o en una acci\u00f3n por incumplimiento de contrato, negligencia u otra responsabilidad que surja de o est\u00e9 relacionada con el uso, la imposibilidad de uso o el rendimiento de la informaci\u00f3n, los servicios, los productos y los materiales disponibles en este sitio.<br \/>Estas limitaciones se aplicar\u00e1n sin perjuicio de la ineficacia de los recursos limitados para cumplir con su prop\u00f3sito previsto, independientemente del resultado de cualquier litigio pendiente. Debido a que algunas jurisdicciones no permiten limitaciones sobre la duraci\u00f3n de una garant\u00eda impl\u00edcita, o la exclusi\u00f3n o limitaci\u00f3n de responsabilidad por da\u00f1os incidentales o especiales, es posible que las limitaciones anteriores no se apliquen en su caso.<\/p>\n<p><strong><b>ACUERDO DE INDEMNIZACI\u00d3N<\/b><\/strong><br \/>Usted acepta indemnizar, defender y eximir de responsabilidad a VENMAN, sus funcionarios, directores, empleados, agentes, licenciantes y proveedores de y contra todos y cada uno de los da\u00f1os, costos, indemnizaciones y gastos, incluidos los honorarios razonables de abogados y los costos legales relacionados, que surjan de su violaci\u00f3n de estos t\u00e9rminos y condiciones o de cualquier actividad relacionada con su cuenta de Internet (incluida, entre otras, conducta negligente o ilegal) por parte de usted o un tercero que tenga acceso al Sitio utilizando su propia cuenta de Internet.<\/p>\n<p><strong><b>ENMIENDAS<\/b><\/strong><\/p>\n<p>Al proporcionar material en este sitio, VENMAN no promete que el material permanecer\u00e1 disponible para usted. VENMAN se reserva el derecho de descontinuar todo o parte de este sitio en cualquier momento sin previo aviso.<br \/>Tambi\u00e9n se reserva el derecho de cambiar los t\u00e9rminos, condiciones y avisos bajo los cuales se ofrece este sitio, y su uso del sitio despu\u00e9s de dichos cambios se considerar\u00e1 como su aceptaci\u00f3n de dichos T\u00e9rminos de Uso modificados.<\/p>\n<p>Usted acepta revisar estos T\u00e9rminos de Uso regularmente para determinar si han cambiado. Cualquier cambio en los t\u00e9rminos de uso se publicar\u00e1 en nuestro sitio web en <a href=\"https:\/\/venman.gr\/es\/oroi-xrisis\/\">https:\/\/venman.gr\/es\/oroi-xrisis.<\/a><\/p>\n<p>Si alguna disposici\u00f3n de este acuerdo es ilegal, nula o inaplicable, las disposiciones restantes del acuerdo permanecer\u00e1n vigentes. Este es el acuerdo completo entre usted y VENMAN con respecto a todos los aspectos de su uso de este sitio. Todos los derechos reservados.<\/p>\n<\/div><\/div><\/div><\/div><\/div><\/div><\/div><!-- cell_inner --><\/div><!-- cell --><\/div><!-- port --><\/section>\n","protected":false},"excerpt":{"rendered":"","protected":false},"author":1,"featured_media":0,"parent":0,"menu_order":0,"comment_status":"closed","ping_status":"closed","template":"","meta":{"footnotes":""},"class_list":["post-354813","page","type-page","status-publish","hentry"],"_links":{"self":[{"href":"https:\/\/venman.gr\/es\/wp-json\/wp\/v2\/pages\/354813","targetHints":{"allow":["GET"]}}],"collection":[{"href":"https:\/\/venman.gr\/es\/wp-json\/wp\/v2\/pages"}],"about":[{"href":"https:\/\/venman.gr\/es\/wp-json\/wp\/v2\/types\/page"}],"author":[{"embeddable":true,"href":"https:\/\/venman.gr\/es\/wp-json\/wp\/v2\/users\/1"}],"replies":[{"embeddable":true,"href":"https:\/\/venman.gr\/es\/wp-json\/wp\/v2\/comments?post=354813"}],"version-history":[{"count":18,"href":"https:\/\/venman.gr\/es\/wp-json\/wp\/v2\/pages\/354813\/revisions"}],"predecessor-version":[{"id":355073,"href":"https:\/\/venman.gr\/es\/wp-json\/wp\/v2\/pages\/354813\/revisions\/355073"}],"wp:attachment":[{"href":"https:\/\/venman.gr\/es\/wp-json\/wp\/v2\/media?parent=354813"}],"curies":[{"name":"wp","href":"https:\/\/api.w.org\/{rel}","templated":true}]}}